{"id":3,"date":"2024-04-06T07:54:15","date_gmt":"2024-04-06T07:54:15","guid":{"rendered":"http:\/\/box2417\/cgi\/addon_GT.cgi?s=GT::WP::Install::Cpanel+%28qulspxmy%29+-+127.0.0.1+%5Bnocaller%5D\/?page_id=3"},"modified":"2024-07-22T11:24:01","modified_gmt":"2024-07-22T10:24:01","slug":"politique-de-confidentialite","status":"publish","type":"page","link":"https:\/\/siteanrs-miecameroun.org\/en\/politique-de-confidentialite\/","title":{"rendered":"Politique de confidentialit\u00e9"},"content":{"rendered":"<div data-elementor-type=\"wp-page\" data-elementor-id=\"3\" class=\"elementor elementor-3\" data-elementor-post-type=\"page\">\n\t\t\t\t<div class=\"elementor-element elementor-element-c5ad00f e-flex e-con-boxed e-con e-parent\" data-id=\"c5ad00f\" data-element_type=\"container\">\n\t\t\t\t\t<div class=\"e-con-inner\">\n\t\t\t\t<div class=\"elementor-element elementor-element-21c6e46 elementor-widget elementor-widget-text-editor\" data-id=\"21c6e46\" data-element_type=\"widget\" data-widget_type=\"text-editor.default\">\n\t\t\t\t<div class=\"elementor-widget-container\">\n\t\t\t\t\t\t\t\t\t<p>La Politique de confidentialit\u00e9 du Site ANRS MIE Cameroun vous r\u00e9v\u00e8le le type d&rsquo;informations que nous collectons et comment ces derni\u00e8res sont trait\u00e9es.<\/p>\t\t\t\t\t\t\t\t<\/div>\n\t\t\t\t<\/div>\n\t\t\t\t<div class=\"elementor-element elementor-element-1e90ed6 elementor-widget elementor-widget-heading\" data-id=\"1e90ed6\" data-element_type=\"widget\" data-widget_type=\"heading.default\">\n\t\t\t\t<div class=\"elementor-widget-container\">\n\t\t\t\t\t<h3 class=\"elementor-heading-title elementor-size-default\"> Collecte de Donn\u00e9es<\/h3>\t\t\t\t<\/div>\n\t\t\t\t<\/div>\n\t\t\t\t<div class=\"elementor-element elementor-element-7f7bb67 elementor-widget elementor-widget-text-editor\" data-id=\"7f7bb67\" data-element_type=\"widget\" data-widget_type=\"text-editor.default\">\n\t\t\t\t<div class=\"elementor-widget-container\">\n\t\t\t\t\t\t\t\t\t<p>Le Site ANRS-MIE Cameroun s&rsquo;engage \u00e0 prot\u00e9ger la confidentialit\u00e9 de ses utilisateurs. Lorsque vous visitez notre site web, nous pouvons collecter les types de donn\u00e9es suivants :<\/p>\n<p><strong>Informations Personnelles :<\/strong><\/p>\n<ul>\n<li>Inscription et Profil : Lorsque vous vous inscrivez sur notre site, nous collectons des informations telles que votre nom, adresse e-mail, num\u00e9ro de t\u00e9l\u00e9phone et autres d\u00e9tails pertinents.<\/li>\n<li>Formulaires et Enqu\u00eates : Si vous remplissez des formulaires ou participez \u00e0 des enqu\u00eates, nous collectons les informations que vous fournissez.<\/li>\n<\/ul>\n<p><strong>Donn\u00e9es de Navigation :<\/strong><\/p>\n<ul>\n<li>Cookies : Nous utilisons des cookies pour am\u00e9liorer votre exp\u00e9rience de navigation. Ces cookies collectent des informations sur les pages visit\u00e9es, le temps pass\u00e9 sur le site et les interactions avec le contenu.<\/li>\n<li>Adresses IP et Donn\u00e9es de Serveur : Nous enregistrons les adresses IP et d&rsquo;autres donn\u00e9es de serveur pour des raisons de s\u00e9curit\u00e9 et d&rsquo;analyse.<\/li>\n<\/ul>\t\t\t\t\t\t\t\t<\/div>\n\t\t\t\t<\/div>\n\t\t\t\t<div class=\"elementor-element elementor-element-e377100 elementor-widget elementor-widget-heading\" data-id=\"e377100\" data-element_type=\"widget\" data-widget_type=\"heading.default\">\n\t\t\t\t<div class=\"elementor-widget-container\">\n\t\t\t\t\t<h3 class=\"elementor-heading-title elementor-size-default\">Utilisation des Donn\u00e9es<\/h3>\t\t\t\t<\/div>\n\t\t\t\t<\/div>\n\t\t\t\t<div class=\"elementor-element elementor-element-933da6f elementor-widget elementor-widget-text-editor\" data-id=\"933da6f\" data-element_type=\"widget\" data-widget_type=\"text-editor.default\">\n\t\t\t\t<div class=\"elementor-widget-container\">\n\t\t\t\t\t\t\t\t\t<p>Nous utilisons les donn\u00e9es collect\u00e9es pour les raisons suivantes :<\/p>\n<p><strong>Communication :<\/strong><\/p>\n<ul>\n<li>Nous utilisons vos informations pour vous envoyer des newsletters, des mises \u00e0 jour et des invitations \u00e0 nos \u00e9v\u00e9nements.<\/li>\n<li>Si vous nous contactez via notre formulaire de contact, nous utiliserons vos informations pour r\u00e9pondre \u00e0 vos questions.<\/li>\n<\/ul>\n<p><strong>Personnalisation du Contenu :<\/strong><\/p>\n<p>Nous utilisons les donn\u00e9es de navigation pour personnaliser le contenu que vous voyez sur notre site.<\/p>\n<p><strong>Am\u00e9lioration du Site :<\/strong><\/p>\n<p>Nous analysons les donn\u00e9es de navigation pour am\u00e9liorer notre site web, son contenu et son exp\u00e9rience utilisateur.<\/p>\t\t\t\t\t\t\t\t<\/div>\n\t\t\t\t<\/div>\n\t\t\t\t<div class=\"elementor-element elementor-element-4739e3b elementor-widget elementor-widget-heading\" data-id=\"4739e3b\" data-element_type=\"widget\" data-widget_type=\"heading.default\">\n\t\t\t\t<div class=\"elementor-widget-container\">\n\t\t\t\t\t<h3 class=\"elementor-heading-title elementor-size-default\">Partage des Donn\u00e9es<\/h3>\t\t\t\t<\/div>\n\t\t\t\t<\/div>\n\t\t\t\t<div class=\"elementor-element elementor-element-fc50135 elementor-widget elementor-widget-text-editor\" data-id=\"fc50135\" data-element_type=\"widget\" data-widget_type=\"text-editor.default\">\n\t\t\t\t<div class=\"elementor-widget-container\">\n\t\t\t\t\t\t\t\t\t<p>Nous ne partageons pas vos informations personnelles avec des tiers sans votre consentement explicite. Cependant, nous pouvons partager des donn\u00e9es agr\u00e9g\u00e9es et anonymis\u00e9es \u00e0 des fins statistiques.<\/p>\t\t\t\t\t\t\t\t<\/div>\n\t\t\t\t<\/div>\n\t\t\t\t<div class=\"elementor-element elementor-element-fbef694 elementor-widget elementor-widget-heading\" data-id=\"fbef694\" data-element_type=\"widget\" data-widget_type=\"heading.default\">\n\t\t\t\t<div class=\"elementor-widget-container\">\n\t\t\t\t\t<h3 class=\"elementor-heading-title elementor-size-default\">S\u00e9curit\u00e9 des Donn\u00e9es<\/h3>\t\t\t\t<\/div>\n\t\t\t\t<\/div>\n\t\t\t\t<div class=\"elementor-element elementor-element-470a128 elementor-widget elementor-widget-text-editor\" data-id=\"470a128\" data-element_type=\"widget\" data-widget_type=\"text-editor.default\">\n\t\t\t\t<div class=\"elementor-widget-container\">\n\t\t\t\t\t\t\t\t\t<p>Nous prenons des mesures pour prot\u00e9ger vos donn\u00e9es contre tout acc\u00e8s non autoris\u00e9, la perte ou la divulgation. Cela inclut la s\u00e9curisation de nos serveurs et la formation de notre personnel sur les meilleures pratiques en mati\u00e8re de confidentialit\u00e9.<\/p>\t\t\t\t\t\t\t\t<\/div>\n\t\t\t\t<\/div>\n\t\t\t\t<div class=\"elementor-element elementor-element-4b265dd elementor-widget elementor-widget-heading\" data-id=\"4b265dd\" data-element_type=\"widget\" data-widget_type=\"heading.default\">\n\t\t\t\t<div class=\"elementor-widget-container\">\n\t\t\t\t\t<h3 class=\"elementor-heading-title elementor-size-default\">Vos Choix<\/h3>\t\t\t\t<\/div>\n\t\t\t\t<\/div>\n\t\t\t\t<div class=\"elementor-element elementor-element-afe11e9 elementor-widget elementor-widget-text-editor\" data-id=\"afe11e9\" data-element_type=\"widget\" data-widget_type=\"text-editor.default\">\n\t\t\t\t<div class=\"elementor-widget-container\">\n\t\t\t\t\t\t\t\t\t<p>Vous pouvez choisir de ne pas fournir certaines informations personnelles, mais cela peut affecter votre exp\u00e9rience sur notre site. Vous pouvez \u00e9galement g\u00e9rer vos pr\u00e9f\u00e9rences de cookies via les param\u00e8tres de votre navigateur.<\/p>\t\t\t\t\t\t\t\t<\/div>\n\t\t\t\t<\/div>\n\t\t\t\t\t<\/div>\n\t\t\t\t<\/div>\n\t\t\t\t<\/div>","protected":false},"excerpt":{"rendered":"<p>La Politique de confidentialit\u00e9 du Site ANRS MIE Cameroun vous r\u00e9v\u00e8le le type d&rsquo;informations que nous collectons et comment ces derni\u00e8res sont trait\u00e9es. Collecte de Donn\u00e9es Le Site ANRS-MIE Cameroun [&hellip;]<\/p>\n","protected":false},"author":1,"featured_media":38,"parent":0,"menu_order":0,"comment_status":"closed","ping_status":"closed","template":"standard.php","meta":{"_monsterinsights_skip_tracking":false,"_monsterinsights_sitenote_active":false,"_monsterinsights_sitenote_note":"","_monsterinsights_sitenote_category":0,"site-sidebar-layout":"default","site-content-layout":"","ast-site-content-layout":"","site-content-style":"default","site-sidebar-style":"default","ast-global-header-display":"","ast-banner-title-visibility":"","ast-main-header-display":"","ast-hfb-above-header-display":"","ast-hfb-below-header-display":"","ast-hfb-mobile-header-display":"","site-post-title":"","ast-breadcrumbs-content":"","ast-featured-img":"","footer-sml-layout":"","theme-transparent-header-meta":"","adv-header-id-meta":"","stick-header-meta":"","header-above-stick-meta":"","header-main-stick-meta":"","header-below-stick-meta":"","astra-migrate-meta-layouts":"default","ast-page-background-enabled":"default","ast-page-background-meta":{"desktop":{"background-color":"var(--ast-global-color-4)","background-image":"","background-repeat":"repeat","background-position":"center center","background-size":"auto","background-attachment":"scroll","background-type":"","background-media":"","overlay-type":"","overlay-color":"","overlay-gradient":""},"tablet":{"background-color":"","background-image":"","background-repeat":"repeat","background-position":"center center","background-size":"auto","background-attachment":"scroll","background-type":"","background-media":"","overlay-type":"","overlay-color":"","overlay-gradient":""},"mobile":{"background-color":"","background-image":"","background-repeat":"repeat","background-position":"center center","background-size":"auto","background-attachment":"scroll","background-type":"","background-media":"","overlay-type":"","overlay-color":"","overlay-gradient":""}},"ast-content-background-meta":{"desktop":{"background-color":"var(--ast-global-color-5)","background-image":"","background-repeat":"repeat","background-position":"center center","background-size":"auto","background-attachment":"scroll","background-type":"","background-media":"","overlay-type":"","overlay-color":"","overlay-gradient":""},"tablet":{"background-color":"var(--ast-global-color-5)","background-image":"","background-repeat":"repeat","background-position":"center center","background-size":"auto","background-attachment":"scroll","background-type":"","background-media":"","overlay-type":"","overlay-color":"","overlay-gradient":""},"mobile":{"background-color":"var(--ast-global-color-5)","background-image":"","background-repeat":"repeat","background-position":"center center","background-size":"auto","background-attachment":"scroll","background-type":"","background-media":"","overlay-type":"","overlay-color":"","overlay-gradient":""}},"footnotes":""},"class_list":["post-3","page","type-page","status-publish","has-post-thumbnail","hentry"],"_links":{"self":[{"href":"https:\/\/siteanrs-miecameroun.org\/en\/wp-json\/wp\/v2\/pages\/3","targetHints":{"allow":["GET"]}}],"collection":[{"href":"https:\/\/siteanrs-miecameroun.org\/en\/wp-json\/wp\/v2\/pages"}],"about":[{"href":"https:\/\/siteanrs-miecameroun.org\/en\/wp-json\/wp\/v2\/types\/page"}],"author":[{"embeddable":true,"href":"https:\/\/siteanrs-miecameroun.org\/en\/wp-json\/wp\/v2\/users\/1"}],"replies":[{"embeddable":true,"href":"https:\/\/siteanrs-miecameroun.org\/en\/wp-json\/wp\/v2\/comments?post=3"}],"version-history":[{"count":5,"href":"https:\/\/siteanrs-miecameroun.org\/en\/wp-json\/wp\/v2\/pages\/3\/revisions"}],"predecessor-version":[{"id":2424,"href":"https:\/\/siteanrs-miecameroun.org\/en\/wp-json\/wp\/v2\/pages\/3\/revisions\/2424"}],"wp:featuredmedia":[{"embeddable":true,"href":"https:\/\/siteanrs-miecameroun.org\/en\/wp-json\/wp\/v2\/media\/38"}],"wp:attachment":[{"href":"https:\/\/siteanrs-miecameroun.org\/en\/wp-json\/wp\/v2\/media?parent=3"}],"curies":[{"name":"wp","href":"https:\/\/api.w.org\/{rel}","templated":true}]}}