{"id":1738,"date":"2024-06-04T11:20:03","date_gmt":"2024-06-04T10:20:03","guid":{"rendered":"https:\/\/siteanrs-miecameroun.org\/?page_id=1738"},"modified":"2024-07-29T09:46:41","modified_gmt":"2024-07-29T08:46:41","slug":"projets-en-cours","status":"publish","type":"page","link":"https:\/\/siteanrs-miecameroun.org\/en\/recherche\/projets-en-cours\/","title":{"rendered":"Projets en cours"},"content":{"rendered":"<div data-elementor-type=\"wp-page\" data-elementor-id=\"1738\" class=\"elementor elementor-1738\" data-elementor-post-type=\"page\">\n\t\t\t\t<div class=\"elementor-element elementor-element-502da86f e-flex e-con-boxed e-con e-parent\" data-id=\"502da86f\" data-element_type=\"container\">\n\t\t\t\t\t<div class=\"e-con-inner\">\n\t\t<div class=\"elementor-element elementor-element-cb5471 e-con-full elementor-hidden-mobile e-flex e-con e-child\" data-id=\"cb5471\" data-element_type=\"container\">\n\t\t\t\t<div class=\"elementor-element elementor-element-3e44a715 elementor-widget elementor-widget-heading\" data-id=\"3e44a715\" data-element_type=\"widget\" data-widget_type=\"heading.default\">\n\t\t\t\t<div class=\"elementor-widget-container\">\n\t\t\t\t\t<h2 class=\"elementor-heading-title elementor-size-default\">Recherche<\/h2>\t\t\t\t<\/div>\n\t\t\t\t<\/div>\n\t\t\t\t<\/div>\n\t\t<div class=\"elementor-element elementor-element-5fe9c23a e-con-full e-flex e-con e-child\" data-id=\"5fe9c23a\" data-element_type=\"container\">\n\t\t\t\t<div class=\"elementor-element elementor-element-1b7362c3 elementor-widget elementor-widget-text-editor\" data-id=\"1b7362c3\" data-element_type=\"widget\" data-widget_type=\"text-editor.default\">\n\t\t\t\t<div class=\"elementor-widget-container\">\n\t\t\t\t\t\t\t\t\t<p>Nous menons des projets de recherche innovants ax\u00e9s sur le VIH\/Sida, les h\u00e9patites virales, les IST, la tuberculose et les maladies infectieuses \u00e9mergentes. En collaboration avec des partenaires locaux et internationaux, nous travaillons \u00e0 apporter des solutions durables pour am\u00e9liorer la sant\u00e9 publique au Cameroun et au-del\u00e0.<\/p><p>D\u00e9couvrez quelques uns de nos projets en cours.<\/p>\t\t\t\t\t\t\t\t<\/div>\n\t\t\t\t<\/div>\n\t\t\t\t<div class=\"elementor-element elementor-element-fc9033d elementor-widget elementor-widget-html\" data-id=\"fc9033d\" data-element_type=\"widget\" data-widget_type=\"html.default\">\n\t\t\t\t<div class=\"elementor-widget-container\">\n\t\t\t\t\t\r\n    <div class=\"projet-squares-wrapper\">\r\n        <div class=\"projet-container\">\r\n            <a href=\"https:\/\/siteanrs-miecameroun.org\/en\/recherche\/projets-en-cours\/essai-anrs-12372-moderato\/\" class=\"projet-square\">ESSAI ANRS 12372 MODERATO<\/a>\r\n            <a href=\"https:\/\/siteanrs-miecameroun.org\/en\/recherche\/projets-en-cours\/datura-anrs-12424\/\" class=\"projet-square\">DATURA ANRS 12424<\/a>\r\n        <\/div>\r\n    <\/div>\t\t\t\t<\/div>\n\t\t\t\t<\/div>\n\t\t\t\t<div class=\"elementor-element elementor-element-af9fe0e elementor-widget elementor-widget-spacer\" data-id=\"af9fe0e\" data-element_type=\"widget\" data-widget_type=\"spacer.default\">\n\t\t\t\t<div class=\"elementor-widget-container\">\n\t\t\t\t\t\t\t<div class=\"elementor-spacer\">\n\t\t\t<div class=\"elementor-spacer-inner\"><\/div>\n\t\t<\/div>\n\t\t\t\t\t\t<\/div>\n\t\t\t\t<\/div>\n\t\t\t\t<\/div>\n\t\t\t\t\t<\/div>\n\t\t\t\t<\/div>\n\t\t<div class=\"elementor-element elementor-element-40ae8e02 e-flex e-con-boxed e-con e-parent\" data-id=\"40ae8e02\" data-element_type=\"container\">\n\t\t\t\t\t<div class=\"e-con-inner\">\n\t\t<div class=\"elementor-element elementor-element-21b0ebd3 e-con-full e-flex e-con e-child\" data-id=\"21b0ebd3\" data-element_type=\"container\">\n\t\t\t\t<\/div>\n\t\t<div class=\"elementor-element elementor-element-fabfe87 e-con-full e-flex e-con e-child\" data-id=\"fabfe87\" data-element_type=\"container\">\n\t\t\t\t<div class=\"elementor-element elementor-element-157d6a33 elementor-icon-list--layout-inline elementor-align-left elementor-mobile-align-center elementor-widget-mobile__width-initial elementor-list-item-link-full_width elementor-widget elementor-widget-icon-list\" data-id=\"157d6a33\" data-element_type=\"widget\" data-widget_type=\"icon-list.default\">\n\t\t\t\t<div class=\"elementor-widget-container\">\n\t\t\t\t\t\t\t<ul class=\"elementor-icon-list-items elementor-inline-items\">\n\t\t\t\t\t\t\t<li class=\"elementor-icon-list-item elementor-inline-item\">\n\t\t\t\t\t\t\t\t\t\t\t<a href=\"\/en\/domaines-de-recherche\/\">\n\n\t\t\t\t\t\t\t\t\t\t\t\t<span class=\"elementor-icon-list-icon\">\n\t\t\t\t\t\t\t<i aria-hidden=\"true\" class=\"icon icon-left-arrow2\"><\/i>\t\t\t\t\t\t<\/span>\n\t\t\t\t\t\t\t\t\t\t<span class=\"elementor-icon-list-text\">Domaines de recherche<\/span>\n\t\t\t\t\t\t\t\t\t\t\t<\/a>\n\t\t\t\t\t\t\t\t\t<\/li>\n\t\t\t\t\t\t<\/ul>\n\t\t\t\t\t\t<\/div>\n\t\t\t\t<\/div>\n\t\t\t\t<\/div>\n\t\t<div class=\"elementor-element elementor-element-7843762a e-con-full e-flex e-con e-child\" data-id=\"7843762a\" data-element_type=\"container\">\n\t\t\t\t<div class=\"elementor-element elementor-element-602dc472 elementor-icon-list--layout-inline elementor-align-right elementor-mobile-align-center elementor-widget-mobile__width-initial elementor-list-item-link-full_width elementor-widget elementor-widget-icon-list\" data-id=\"602dc472\" data-element_type=\"widget\" data-widget_type=\"icon-list.default\">\n\t\t\t\t<div class=\"elementor-widget-container\">\n\t\t\t\t\t\t\t<ul class=\"elementor-icon-list-items elementor-inline-items\">\n\t\t\t\t\t\t\t<li class=\"elementor-icon-list-item elementor-inline-item\">\n\t\t\t\t\t\t\t\t\t\t\t<a href=\"\/en\/appel-a-projets\/\">\n\n\t\t\t\t\t\t\t\t\t\t\t\t<span class=\"elementor-icon-list-icon\">\n\t\t\t\t\t\t\t<i aria-hidden=\"true\" class=\"icon icon-right-arrow2\"><\/i>\t\t\t\t\t\t<\/span>\n\t\t\t\t\t\t\t\t\t\t<span class=\"elementor-icon-list-text\">Appels \u00e0 projets<\/span>\n\t\t\t\t\t\t\t\t\t\t\t<\/a>\n\t\t\t\t\t\t\t\t\t<\/li>\n\t\t\t\t\t\t<\/ul>\n\t\t\t\t\t\t<\/div>\n\t\t\t\t<\/div>\n\t\t\t\t<\/div>\n\t\t\t\t\t<\/div>\n\t\t\t\t<\/div>\n\t\t\t\t<\/div>","protected":false},"excerpt":{"rendered":"<p>Recherche Menu Domaine de recherche Projets en cours Appels \u00e0 projets Nous menons des projets de recherche innovants ax\u00e9s sur le VIH\/Sida, les h\u00e9patites virales, les IST, la tuberculose et [&hellip;]<\/p>\n","protected":false},"author":1,"featured_media":0,"parent":1098,"menu_order":0,"comment_status":"closed","ping_status":"closed","template":"standard.php","meta":{"_monsterinsights_skip_tracking":false,"_monsterinsights_sitenote_active":false,"_monsterinsights_sitenote_note":"","_monsterinsights_sitenote_category":0,"site-sidebar-layout":"no-sidebar","site-content-layout":"","ast-site-content-layout":"full-width-container","site-content-style":"default","site-sidebar-style":"default","ast-global-header-display":"","ast-banner-title-visibility":"","ast-main-header-display":"","ast-hfb-above-header-display":"","ast-hfb-below-header-display":"","ast-hfb-mobile-header-display":"","site-post-title":"disabled","ast-breadcrumbs-content":"","ast-featured-img":"disabled","footer-sml-layout":"","theme-transparent-header-meta":"","adv-header-id-meta":"","stick-header-meta":"","header-above-stick-meta":"","header-main-stick-meta":"","header-below-stick-meta":"","astra-migrate-meta-layouts":"default","ast-page-background-enabled":"default","ast-page-background-meta":{"desktop":{"background-color":"var(--ast-global-color-4)","background-image":"","background-repeat":"repeat","background-position":"center center","background-size":"auto","background-attachment":"scroll","background-type":"","background-media":"","overlay-type":"","overlay-color":"","overlay-gradient":""},"tablet":{"background-color":"","background-image":"","background-repeat":"repeat","background-position":"center center","background-size":"auto","background-attachment":"scroll","background-type":"","background-media":"","overlay-type":"","overlay-color":"","overlay-gradient":""},"mobile":{"background-color":"","background-image":"","background-repeat":"repeat","background-position":"center center","background-size":"auto","background-attachment":"scroll","background-type":"","background-media":"","overlay-type":"","overlay-color":"","overlay-gradient":""}},"ast-content-background-meta":{"desktop":{"background-color":"var(--ast-global-color-5)","background-image":"","background-repeat":"repeat","background-position":"center center","background-size":"auto","background-attachment":"scroll","background-type":"","background-media":"","overlay-type":"","overlay-color":"","overlay-gradient":""},"tablet":{"background-color":"var(--ast-global-color-5)","background-image":"","background-repeat":"repeat","background-position":"center center","background-size":"auto","background-attachment":"scroll","background-type":"","background-media":"","overlay-type":"","overlay-color":"","overlay-gradient":""},"mobile":{"background-color":"var(--ast-global-color-5)","background-image":"","background-repeat":"repeat","background-position":"center center","background-size":"auto","background-attachment":"scroll","background-type":"","background-media":"","overlay-type":"","overlay-color":"","overlay-gradient":""}},"footnotes":""},"class_list":["post-1738","page","type-page","status-publish","hentry"],"_links":{"self":[{"href":"https:\/\/siteanrs-miecameroun.org\/en\/wp-json\/wp\/v2\/pages\/1738","targetHints":{"allow":["GET"]}}],"collection":[{"href":"https:\/\/siteanrs-miecameroun.org\/en\/wp-json\/wp\/v2\/pages"}],"about":[{"href":"https:\/\/siteanrs-miecameroun.org\/en\/wp-json\/wp\/v2\/types\/page"}],"author":[{"embeddable":true,"href":"https:\/\/siteanrs-miecameroun.org\/en\/wp-json\/wp\/v2\/users\/1"}],"replies":[{"embeddable":true,"href":"https:\/\/siteanrs-miecameroun.org\/en\/wp-json\/wp\/v2\/comments?post=1738"}],"version-history":[{"count":20,"href":"https:\/\/siteanrs-miecameroun.org\/en\/wp-json\/wp\/v2\/pages\/1738\/revisions"}],"predecessor-version":[{"id":2463,"href":"https:\/\/siteanrs-miecameroun.org\/en\/wp-json\/wp\/v2\/pages\/1738\/revisions\/2463"}],"up":[{"embeddable":true,"href":"https:\/\/siteanrs-miecameroun.org\/en\/wp-json\/wp\/v2\/pages\/1098"}],"wp:attachment":[{"href":"https:\/\/siteanrs-miecameroun.org\/en\/wp-json\/wp\/v2\/media?parent=1738"}],"curies":[{"name":"wp","href":"https:\/\/api.w.org\/{rel}","templated":true}]}}