{"id":1157,"date":"2024-04-25T11:52:00","date_gmt":"2024-04-25T10:52:00","guid":{"rendered":"https:\/\/siteanrs-miecameroun.org\/?page_id=1157"},"modified":"2024-06-06T12:46:07","modified_gmt":"2024-06-06T11:46:07","slug":"evenements","status":"publish","type":"page","link":"https:\/\/siteanrs-miecameroun.org\/en\/le-journal-du-site-cameroun\/evenements\/","title":{"rendered":"\u00c9v\u00e9nements"},"content":{"rendered":"<div data-elementor-type=\"wp-page\" data-elementor-id=\"1157\" class=\"elementor elementor-1157\" data-elementor-post-type=\"page\">\n\t\t\t\t<div class=\"elementor-element elementor-element-68a10ade e-flex e-con-boxed e-con e-parent\" data-id=\"68a10ade\" data-element_type=\"container\">\n\t\t\t\t\t<div class=\"e-con-inner\">\n\t\t<div class=\"elementor-element elementor-element-5ff481a2 e-con-full elementor-hidden-mobile e-flex e-con e-child\" data-id=\"5ff481a2\" data-element_type=\"container\">\n\t\t\t\t<div class=\"elementor-element elementor-element-983bebd elementor-widget elementor-widget-heading\" data-id=\"983bebd\" data-element_type=\"widget\" data-widget_type=\"heading.default\">\n\t\t\t\t<div class=\"elementor-widget-container\">\n\t\t\t\t\t<h2 class=\"elementor-heading-title elementor-size-default\">Le Journal du Site<\/h2>\t\t\t\t<\/div>\n\t\t\t\t<\/div>\n\t\t\t\t<\/div>\n\t\t<div class=\"elementor-element elementor-element-11989344 e-con-full e-flex e-con e-child\" data-id=\"11989344\" data-element_type=\"container\">\n\t\t\t\t<div class=\"elementor-element elementor-element-b2a9e52 elementor-widget elementor-widget-heading\" data-id=\"b2a9e52\" data-element_type=\"widget\" data-widget_type=\"heading.default\">\n\t\t\t\t<div class=\"elementor-widget-container\">\n\t\t\t\t\t<h2 class=\"elementor-heading-title elementor-size-default\">\u00c0 venir<\/h2>\t\t\t\t<\/div>\n\t\t\t\t<\/div>\n\t\t<div class=\"elementor-element elementor-element-0afab22 e-flex e-con-boxed e-con e-child\" data-id=\"0afab22\" data-element_type=\"container\">\n\t\t\t\t\t<div class=\"e-con-inner\">\n\t\t<div class=\"elementor-element elementor-element-6f97929 e-con-full e-flex e-con e-child\" data-id=\"6f97929\" data-element_type=\"container\">\n\t\t\t\t<div class=\"elementor-element elementor-element-de3ab4b elementor-widget elementor-widget-heading\" data-id=\"de3ab4b\" data-element_type=\"widget\" data-widget_type=\"heading.default\">\n\t\t\t\t<div class=\"elementor-widget-container\">\n\t\t\t\t\t<h2 class=\"elementor-heading-title elementor-size-default\">Mai<\/h2>\t\t\t\t<\/div>\n\t\t\t\t<\/div>\n\t\t\t\t<div class=\"elementor-element elementor-element-e7edf4f elementor-widget elementor-widget-heading\" data-id=\"e7edf4f\" data-element_type=\"widget\" data-widget_type=\"heading.default\">\n\t\t\t\t<div class=\"elementor-widget-container\">\n\t\t\t\t\t<h2 class=\"elementor-heading-title elementor-size-default\">27<\/h2>\t\t\t\t<\/div>\n\t\t\t\t<\/div>\n\t\t\t\t<div class=\"elementor-element elementor-element-2fbf722 elementor-widget elementor-widget-heading\" data-id=\"2fbf722\" data-element_type=\"widget\" data-widget_type=\"heading.default\">\n\t\t\t\t<div class=\"elementor-widget-container\">\n\t\t\t\t\t<h2 class=\"elementor-heading-title elementor-size-default\">2024<\/h2>\t\t\t\t<\/div>\n\t\t\t\t<\/div>\n\t\t\t\t<\/div>\n\t\t<div class=\"elementor-element elementor-element-6bc59a1 e-flex e-con-boxed e-con e-child\" data-id=\"6bc59a1\" data-element_type=\"container\">\n\t\t\t\t\t<div class=\"e-con-inner\">\n\t\t\t\t<div class=\"elementor-element elementor-element-3c24ab2 elementor-widget elementor-widget-elementskit-heading\" data-id=\"3c24ab2\" data-element_type=\"widget\" data-widget_type=\"elementskit-heading.default\">\n\t\t\t\t<div class=\"elementor-widget-container\">\n\t\t\t\t\t<div class=\"ekit-wid-con\" ><div class=\"ekit-heading elementskit-section-title-wraper text_left   ekit_heading_tablet-   ekit_heading_mobile-\"><a href=\"https:\/\/siteanrs-miecameroun.org\/en\/event\/formation-a-lethique-de-la-recherche\/\"><h2 class=\"ekit-heading--title elementskit-section-title\">Formation \u00e0 l'\u00e9thique de la recherche<\/h2><\/a><\/div><\/div>\t\t\t\t<\/div>\n\t\t\t\t<\/div>\n\t\t\t\t<div class=\"elementor-element elementor-element-7fccfc8 elementor-widget elementor-widget-heading\" data-id=\"7fccfc8\" data-element_type=\"widget\" data-widget_type=\"heading.default\">\n\t\t\t\t<div class=\"elementor-widget-container\">\n\t\t\t\t\t<h2 class=\"elementor-heading-title elementor-size-default\">Salle de conf\u00e9rence du Site ANRS Cameroun<\/h2>\t\t\t\t<\/div>\n\t\t\t\t<\/div>\n\t\t\t\t<div class=\"elementor-element elementor-element-1849ee6 elementor-widget elementor-widget-heading\" data-id=\"1849ee6\" data-element_type=\"widget\" data-widget_type=\"heading.default\">\n\t\t\t\t<div class=\"elementor-widget-container\">\n\t\t\t\t\t<h2 class=\"elementor-heading-title elementor-size-default\">D\u00e8s 8h00<\/h2>\t\t\t\t<\/div>\n\t\t\t\t<\/div>\n\t\t\t\t\t<\/div>\n\t\t\t\t<\/div>\n\t\t\t\t\t<\/div>\n\t\t\t\t<\/div>\n\t\t\t\t<div class=\"elementor-element elementor-element-696e27c elementor-widget elementor-widget-spacer\" data-id=\"696e27c\" data-element_type=\"widget\" data-widget_type=\"spacer.default\">\n\t\t\t\t<div class=\"elementor-widget-container\">\n\t\t\t\t\t\t\t<div class=\"elementor-spacer\">\n\t\t\t<div class=\"elementor-spacer-inner\"><\/div>\n\t\t<\/div>\n\t\t\t\t\t\t<\/div>\n\t\t\t\t<\/div>\n\t\t\t\t<div class=\"elementor-element elementor-element-e859bd9 elementor-widget elementor-widget-heading\" data-id=\"e859bd9\" data-element_type=\"widget\" data-widget_type=\"heading.default\">\n\t\t\t\t<div class=\"elementor-widget-container\">\n\t\t\t\t\t<h2 class=\"elementor-heading-title elementor-size-default\">Ev\u00e9nements pr\u00e9c\u00e9dents<\/h2>\t\t\t\t<\/div>\n\t\t\t\t<\/div>\n\t\t\t\t<div class=\"elementor-element elementor-element-58e2e8d elementor-widget elementor-widget-spacer\" data-id=\"58e2e8d\" data-element_type=\"widget\" data-widget_type=\"spacer.default\">\n\t\t\t\t<div class=\"elementor-widget-container\">\n\t\t\t\t\t\t\t<div class=\"elementor-spacer\">\n\t\t\t<div class=\"elementor-spacer-inner\"><\/div>\n\t\t<\/div>\n\t\t\t\t\t\t<\/div>\n\t\t\t\t<\/div>\n\t\t<div class=\"elementor-element elementor-element-7075460 e-flex e-con-boxed e-con e-child\" data-id=\"7075460\" data-element_type=\"container\">\n\t\t\t\t\t<div class=\"e-con-inner\">\n\t\t\t\t<div class=\"elementor-element elementor-element-725a209 elementor-widget__width-inherit elementor-widget elementor-widget-html\" data-id=\"725a209\" data-element_type=\"widget\" data-widget_type=\"html.default\">\n\t\t\t\t<div class=\"elementor-widget-container\">\n\t\t\t\t\t<body class=\"event-card-body\"> <a href=\"\/en\/your-link-url-here\/\" class=\"rdv-link\">\r\n  <div class=\"rdv-container\">\r\n    <div class=\"date-container\">\r\n      <div class=\"month\">Mai<\/div>\r\n      <div class=\"day\">8<\/div>\r\n      <div class=\"year\">2024<\/div>\r\n    <\/div>\r\n    <div class=\"rdv-details\">\r\n      <div class=\"rdv-title\">Pr\u00e9paration au Fellowship programme 2024<\/div>\r\n      <div class=\"rdv-venue\">Salle de conf\u00e9rence du Site ANRS Cameroun<\/div>\r\n      <div class=\"rdv-time\">D\u00e8s 08h00<\/div>\r\n    <\/div>\r\n  <\/div>\r\n  <\/a>\r\n<\/body>\t\t\t\t<\/div>\n\t\t\t\t<\/div>\n\t\t\t\t<div class=\"elementor-element elementor-element-d3173e2 elementor-widget__width-inherit elementor-widget elementor-widget-html\" data-id=\"d3173e2\" data-element_type=\"widget\" data-widget_type=\"html.default\">\n\t\t\t\t<div class=\"elementor-widget-container\">\n\t\t\t\t\t<body class=\"event-card-body\"> <a href=\"\/en\/your-link-url-here\/\" class=\"rdv-link\">\r\n  <div class=\"rdv-container\">\r\n    <div class=\"date-container\">\r\n      <div class=\"month\">Avril<\/div>\r\n      <div class=\"day\">29<\/div>\r\n      <div class=\"year\">2024<\/div>\r\n    <\/div>\r\n    <div class=\"rdv-details\">\r\n      <div class=\"rdv-title\">Formation au concept ONE HEALTH\/UNE SEULE SANTE<\/div>\r\n      <div class=\"rdv-venue\">Salle de conf\u00e9rence du Site ANRS Cameroun<\/div>\r\n      <div class=\"rdv-time\">D\u00e8s 08h00<\/div>\r\n    <\/div>\r\n  <\/div>\r\n  <\/a>\r\n<\/body>\t\t\t\t<\/div>\n\t\t\t\t<\/div>\n\t\t\t\t\t<\/div>\n\t\t\t\t<\/div>\n\t\t\t\t<div class=\"elementor-element elementor-element-02e64c5 elementor-widget elementor-widget-spacer\" data-id=\"02e64c5\" data-element_type=\"widget\" data-widget_type=\"spacer.default\">\n\t\t\t\t<div class=\"elementor-widget-container\">\n\t\t\t\t\t\t\t<div class=\"elementor-spacer\">\n\t\t\t<div class=\"elementor-spacer-inner\"><\/div>\n\t\t<\/div>\n\t\t\t\t\t\t<\/div>\n\t\t\t\t<\/div>\n\t\t\t\t<\/div>\n\t\t\t\t\t<\/div>\n\t\t\t\t<\/div>\n\t\t<div class=\"elementor-element elementor-element-591f57d3 e-flex e-con-boxed e-con e-parent\" data-id=\"591f57d3\" data-element_type=\"container\">\n\t\t\t\t\t<div class=\"e-con-inner\">\n\t\t<div class=\"elementor-element elementor-element-3131dd50 e-con-full e-flex e-con e-child\" data-id=\"3131dd50\" data-element_type=\"container\">\n\t\t\t\t<\/div>\n\t\t<div class=\"elementor-element elementor-element-60845306 e-con-full e-flex e-con e-child\" data-id=\"60845306\" data-element_type=\"container\">\n\t\t\t\t<div class=\"elementor-element elementor-element-3c209a30 elementor-icon-list--layout-inline elementor-align-left elementor-mobile-align-center elementor-widget-mobile__width-initial elementor-list-item-link-full_width elementor-widget elementor-widget-icon-list\" data-id=\"3c209a30\" data-element_type=\"widget\" data-widget_type=\"icon-list.default\">\n\t\t\t\t<div class=\"elementor-widget-container\">\n\t\t\t\t\t\t\t<ul class=\"elementor-icon-list-items elementor-inline-items\">\n\t\t\t\t\t\t\t<li class=\"elementor-icon-list-item elementor-inline-item\">\n\t\t\t\t\t\t\t\t\t\t\t<a href=\"\/en\/fil-d-infos\/\">\n\n\t\t\t\t\t\t\t\t\t\t\t\t<span class=\"elementor-icon-list-icon\">\n\t\t\t\t\t\t\t<i aria-hidden=\"true\" class=\"icon icon-left-arrow2\"><\/i>\t\t\t\t\t\t<\/span>\n\t\t\t\t\t\t\t\t\t\t<span class=\"elementor-icon-list-text\">Actualit\u00e9<\/span>\n\t\t\t\t\t\t\t\t\t\t\t<\/a>\n\t\t\t\t\t\t\t\t\t<\/li>\n\t\t\t\t\t\t<\/ul>\n\t\t\t\t\t\t<\/div>\n\t\t\t\t<\/div>\n\t\t\t\t<\/div>\n\t\t<div class=\"elementor-element elementor-element-14ccd5cd e-con-full e-flex e-con e-child\" data-id=\"14ccd5cd\" data-element_type=\"container\">\n\t\t\t\t<div class=\"elementor-element elementor-element-4e168005 elementor-icon-list--layout-inline elementor-align-right elementor-mobile-align-center elementor-widget-mobile__width-initial elementor-list-item-link-full_width elementor-widget elementor-widget-icon-list\" data-id=\"4e168005\" data-element_type=\"widget\" data-widget_type=\"icon-list.default\">\n\t\t\t\t<div class=\"elementor-widget-container\">\n\t\t\t\t\t\t\t<ul class=\"elementor-icon-list-items elementor-inline-items\">\n\t\t\t\t\t\t\t<li class=\"elementor-icon-list-item elementor-inline-item\">\n\t\t\t\t\t\t\t\t\t\t\t<a href=\"\/en\/communiques-de-presse\/\">\n\n\t\t\t\t\t\t\t\t\t\t\t\t<span class=\"elementor-icon-list-icon\">\n\t\t\t\t\t\t\t<i aria-hidden=\"true\" class=\"icon icon-right-arrow2\"><\/i>\t\t\t\t\t\t<\/span>\n\t\t\t\t\t\t\t\t\t\t<span class=\"elementor-icon-list-text\">Communiqu\u00e9s de presse<\/span>\n\t\t\t\t\t\t\t\t\t\t\t<\/a>\n\t\t\t\t\t\t\t\t\t<\/li>\n\t\t\t\t\t\t<\/ul>\n\t\t\t\t\t\t<\/div>\n\t\t\t\t<\/div>\n\t\t\t\t<\/div>\n\t\t\t\t\t<\/div>\n\t\t\t\t<\/div>\n\t\t\t\t<\/div>","protected":false},"excerpt":{"rendered":"<p>Le Journal du Site Menu Actualit\u00e9 \u00c9v\u00e9nements Communiqu\u00e9s de presse Echo de la recherche Galerie \u00c0 venir Mai 27 2024 Formation \u00e0 l&rsquo;\u00e9thique de la recherche Salle de conf\u00e9rence du [&hellip;]<\/p>\n","protected":false},"author":1,"featured_media":0,"parent":1155,"menu_order":0,"comment_status":"closed","ping_status":"closed","template":"standard.php","meta":{"_monsterinsights_skip_tracking":false,"_monsterinsights_sitenote_active":false,"_monsterinsights_sitenote_note":"","_monsterinsights_sitenote_category":0,"site-sidebar-layout":"no-sidebar","site-content-layout":"","ast-site-content-layout":"full-width-container","site-content-style":"default","site-sidebar-style":"default","ast-global-header-display":"","ast-banner-title-visibility":"","ast-main-header-display":"","ast-hfb-above-header-display":"","ast-hfb-below-header-display":"","ast-hfb-mobile-header-display":"","site-post-title":"disabled","ast-breadcrumbs-content":"","ast-featured-img":"disabled","footer-sml-layout":"","theme-transparent-header-meta":"","adv-header-id-meta":"","stick-header-meta":"","header-above-stick-meta":"","header-main-stick-meta":"","header-below-stick-meta":"","astra-migrate-meta-layouts":"default","ast-page-background-enabled":"default","ast-page-background-meta":{"desktop":{"background-color":"var(--ast-global-color-4)","background-image":"","background-repeat":"repeat","background-position":"center center","background-size":"auto","background-attachment":"scroll","background-type":"","background-media":"","overlay-type":"","overlay-color":"","overlay-gradient":""},"tablet":{"background-color":"","background-image":"","background-repeat":"repeat","background-position":"center center","background-size":"auto","background-attachment":"scroll","background-type":"","background-media":"","overlay-type":"","overlay-color":"","overlay-gradient":""},"mobile":{"background-color":"","background-image":"","background-repeat":"repeat","background-position":"center center","background-size":"auto","background-attachment":"scroll","background-type":"","background-media":"","overlay-type":"","overlay-color":"","overlay-gradient":""}},"ast-content-background-meta":{"desktop":{"background-color":"var(--ast-global-color-5)","background-image":"","background-repeat":"repeat","background-position":"center center","background-size":"auto","background-attachment":"scroll","background-type":"","background-media":"","overlay-type":"","overlay-color":"","overlay-gradient":""},"tablet":{"background-color":"var(--ast-global-color-5)","background-image":"","background-repeat":"repeat","background-position":"center center","background-size":"auto","background-attachment":"scroll","background-type":"","background-media":"","overlay-type":"","overlay-color":"","overlay-gradient":""},"mobile":{"background-color":"var(--ast-global-color-5)","background-image":"","background-repeat":"repeat","background-position":"center center","background-size":"auto","background-attachment":"scroll","background-type":"","background-media":"","overlay-type":"","overlay-color":"","overlay-gradient":""}},"footnotes":""},"class_list":["post-1157","page","type-page","status-publish","hentry"],"_links":{"self":[{"href":"https:\/\/siteanrs-miecameroun.org\/en\/wp-json\/wp\/v2\/pages\/1157","targetHints":{"allow":["GET"]}}],"collection":[{"href":"https:\/\/siteanrs-miecameroun.org\/en\/wp-json\/wp\/v2\/pages"}],"about":[{"href":"https:\/\/siteanrs-miecameroun.org\/en\/wp-json\/wp\/v2\/types\/page"}],"author":[{"embeddable":true,"href":"https:\/\/siteanrs-miecameroun.org\/en\/wp-json\/wp\/v2\/users\/1"}],"replies":[{"embeddable":true,"href":"https:\/\/siteanrs-miecameroun.org\/en\/wp-json\/wp\/v2\/comments?post=1157"}],"version-history":[{"count":13,"href":"https:\/\/siteanrs-miecameroun.org\/en\/wp-json\/wp\/v2\/pages\/1157\/revisions"}],"predecessor-version":[{"id":1944,"href":"https:\/\/siteanrs-miecameroun.org\/en\/wp-json\/wp\/v2\/pages\/1157\/revisions\/1944"}],"up":[{"embeddable":true,"href":"https:\/\/siteanrs-miecameroun.org\/en\/wp-json\/wp\/v2\/pages\/1155"}],"wp:attachment":[{"href":"https:\/\/siteanrs-miecameroun.org\/en\/wp-json\/wp\/v2\/media?parent=1157"}],"curies":[{"name":"wp","href":"https:\/\/api.w.org\/{rel}","templated":true}]}}