{"id":1142,"date":"2024-04-24T10:54:00","date_gmt":"2024-04-24T09:54:00","guid":{"rendered":"https:\/\/siteanrs-miecameroun.org\/?page_id=1142"},"modified":"2024-07-09T13:06:12","modified_gmt":"2024-07-09T12:06:12","slug":"demande-de-financement","status":"publish","type":"page","link":"https:\/\/siteanrs-miecameroun.org\/en\/financements\/demande-de-financement\/","title":{"rendered":"Demande de financement"},"content":{"rendered":"<div data-elementor-type=\"wp-page\" data-elementor-id=\"1142\" class=\"elementor elementor-1142\" data-elementor-post-type=\"page\">\n\t\t\t\t<div class=\"elementor-element elementor-element-cd22cdc e-flex e-con-boxed e-con e-parent\" data-id=\"cd22cdc\" data-element_type=\"container\">\n\t\t\t\t\t<div class=\"e-con-inner\">\n\t\t<div class=\"elementor-element elementor-element-4e34a980 e-con-full elementor-hidden-mobile e-flex e-con e-child\" data-id=\"4e34a980\" data-element_type=\"container\">\n\t\t\t\t<div class=\"elementor-element elementor-element-29461094 elementor-widget elementor-widget-heading\" data-id=\"29461094\" data-element_type=\"widget\" data-widget_type=\"heading.default\">\n\t\t\t\t<div class=\"elementor-widget-container\">\n\t\t\t\t\t<h2 class=\"elementor-heading-title elementor-size-default\">Financements<\/h2>\t\t\t\t<\/div>\n\t\t\t\t<\/div>\n\t\t\t\t<\/div>\n\t\t<div class=\"elementor-element elementor-element-4e833967 e-con-full e-flex e-con e-child\" data-id=\"4e833967\" data-element_type=\"container\">\n\t\t\t\t<div class=\"elementor-element elementor-element-468eb56e elementor-widget elementor-widget-text-editor\" data-id=\"468eb56e\" data-element_type=\"widget\" data-widget_type=\"text-editor.default\">\n\t\t\t\t<div class=\"elementor-widget-container\">\n\t\t\t\t\t\t\t\t\tCher visiteur, vous avez un projet et vous souhaitez trouver un financement ? Cette page est actuellement en cours de construction. Nous travaillons dur pour vous fournir les informations que vous cherchez. Revenez bient\u00f4t pour d\u00e9couvrir comment acc\u00e9der aux financements mis \u00e0 votre disposition avec le soutien de nos partenaires ! En attendant, n\u2019h\u00e9sitez pas \u00e0 explorer les autres sections de notre site pour en savoir plus sur notre institution, ses activi\u00e9s et les services qu&rsquo;elle propose.\t\t\t\t\t\t\t\t<\/div>\n\t\t\t\t<\/div>\n\t\t\t\t<\/div>\n\t\t\t\t\t<\/div>\n\t\t\t\t<\/div>\n\t\t<div class=\"elementor-element elementor-element-3219a8fd e-flex e-con-boxed e-con e-parent\" data-id=\"3219a8fd\" data-element_type=\"container\">\n\t\t\t\t\t<div class=\"e-con-inner\">\n\t\t<div class=\"elementor-element elementor-element-7adecbd9 e-con-full e-flex e-con e-child\" data-id=\"7adecbd9\" data-element_type=\"container\">\n\t\t\t\t<\/div>\n\t\t<div class=\"elementor-element elementor-element-4ab063c7 e-con-full e-flex e-con e-child\" data-id=\"4ab063c7\" data-element_type=\"container\">\n\t\t\t\t<div class=\"elementor-element elementor-element-b5411db elementor-icon-list--layout-inline elementor-align-left elementor-mobile-align-center elementor-widget-mobile__width-initial elementor-list-item-link-full_width elementor-widget elementor-widget-icon-list\" data-id=\"b5411db\" data-element_type=\"widget\" data-widget_type=\"icon-list.default\">\n\t\t\t\t<div class=\"elementor-widget-container\">\n\t\t\t\t\t\t\t<ul class=\"elementor-icon-list-items elementor-inline-items\">\n\t\t\t\t\t\t\t<li class=\"elementor-icon-list-item elementor-inline-item\">\n\t\t\t\t\t\t\t\t\t\t\t<a href=\"\/en\/opportunite-de-financement\/\">\n\n\t\t\t\t\t\t\t\t\t\t\t\t<span class=\"elementor-icon-list-icon\">\n\t\t\t\t\t\t\t<i aria-hidden=\"true\" class=\"icon icon-left-arrow2\"><\/i>\t\t\t\t\t\t<\/span>\n\t\t\t\t\t\t\t\t\t\t<span class=\"elementor-icon-list-text\">Opportunit\u00e9s de financements<\/span>\n\t\t\t\t\t\t\t\t\t\t\t<\/a>\n\t\t\t\t\t\t\t\t\t<\/li>\n\t\t\t\t\t\t<\/ul>\n\t\t\t\t\t\t<\/div>\n\t\t\t\t<\/div>\n\t\t\t\t<\/div>\n\t\t<div class=\"elementor-element elementor-element-4e88efe6 e-con-full e-flex e-con e-child\" data-id=\"4e88efe6\" data-element_type=\"container\">\n\t\t\t\t<\/div>\n\t\t\t\t\t<\/div>\n\t\t\t\t<\/div>\n\t\t\t\t<\/div>","protected":false},"excerpt":{"rendered":"<p>Financements Menu Opportunit\u00e9s de financement Demande de financement Cher visiteur, vous avez un projet et vous souhaitez trouver un financement ? Cette page est actuellement en cours de construction. Nous [&hellip;]<\/p>\n","protected":false},"author":1,"featured_media":0,"parent":1137,"menu_order":0,"comment_status":"closed","ping_status":"closed","template":"standard.php","meta":{"_monsterinsights_skip_tracking":false,"_monsterinsights_sitenote_active":false,"_monsterinsights_sitenote_note":"","_monsterinsights_sitenote_category":0,"site-sidebar-layout":"no-sidebar","site-content-layout":"","ast-site-content-layout":"full-width-container","site-content-style":"default","site-sidebar-style":"default","ast-global-header-display":"","ast-banner-title-visibility":"","ast-main-header-display":"","ast-hfb-above-header-display":"","ast-hfb-below-header-display":"","ast-hfb-mobile-header-display":"","site-post-title":"disabled","ast-breadcrumbs-content":"","ast-featured-img":"disabled","footer-sml-layout":"","theme-transparent-header-meta":"","adv-header-id-meta":"","stick-header-meta":"","header-above-stick-meta":"","header-main-stick-meta":"","header-below-stick-meta":"","astra-migrate-meta-layouts":"default","ast-page-background-enabled":"default","ast-page-background-meta":{"desktop":{"background-color":"var(--ast-global-color-4)","background-image":"","background-repeat":"repeat","background-position":"center center","background-size":"auto","background-attachment":"scroll","background-type":"","background-media":"","overlay-type":"","overlay-color":"","overlay-gradient":""},"tablet":{"background-color":"","background-image":"","background-repeat":"repeat","background-position":"center center","background-size":"auto","background-attachment":"scroll","background-type":"","background-media":"","overlay-type":"","overlay-color":"","overlay-gradient":""},"mobile":{"background-color":"","background-image":"","background-repeat":"repeat","background-position":"center center","background-size":"auto","background-attachment":"scroll","background-type":"","background-media":"","overlay-type":"","overlay-color":"","overlay-gradient":""}},"ast-content-background-meta":{"desktop":{"background-color":"var(--ast-global-color-5)","background-image":"","background-repeat":"repeat","background-position":"center center","background-size":"auto","background-attachment":"scroll","background-type":"","background-media":"","overlay-type":"","overlay-color":"","overlay-gradient":""},"tablet":{"background-color":"var(--ast-global-color-5)","background-image":"","background-repeat":"repeat","background-position":"center center","background-size":"auto","background-attachment":"scroll","background-type":"","background-media":"","overlay-type":"","overlay-color":"","overlay-gradient":""},"mobile":{"background-color":"var(--ast-global-color-5)","background-image":"","background-repeat":"repeat","background-position":"center center","background-size":"auto","background-attachment":"scroll","background-type":"","background-media":"","overlay-type":"","overlay-color":"","overlay-gradient":""}},"footnotes":""},"class_list":["post-1142","page","type-page","status-publish","hentry"],"_links":{"self":[{"href":"https:\/\/siteanrs-miecameroun.org\/en\/wp-json\/wp\/v2\/pages\/1142","targetHints":{"allow":["GET"]}}],"collection":[{"href":"https:\/\/siteanrs-miecameroun.org\/en\/wp-json\/wp\/v2\/pages"}],"about":[{"href":"https:\/\/siteanrs-miecameroun.org\/en\/wp-json\/wp\/v2\/types\/page"}],"author":[{"embeddable":true,"href":"https:\/\/siteanrs-miecameroun.org\/en\/wp-json\/wp\/v2\/users\/1"}],"replies":[{"embeddable":true,"href":"https:\/\/siteanrs-miecameroun.org\/en\/wp-json\/wp\/v2\/comments?post=1142"}],"version-history":[{"count":10,"href":"https:\/\/siteanrs-miecameroun.org\/en\/wp-json\/wp\/v2\/pages\/1142\/revisions"}],"predecessor-version":[{"id":2303,"href":"https:\/\/siteanrs-miecameroun.org\/en\/wp-json\/wp\/v2\/pages\/1142\/revisions\/2303"}],"up":[{"embeddable":true,"href":"https:\/\/siteanrs-miecameroun.org\/en\/wp-json\/wp\/v2\/pages\/1137"}],"wp:attachment":[{"href":"https:\/\/siteanrs-miecameroun.org\/en\/wp-json\/wp\/v2\/media?parent=1142"}],"curies":[{"name":"wp","href":"https:\/\/api.w.org\/{rel}","templated":true}]}}