{"id":1132,"date":"2024-04-09T16:26:00","date_gmt":"2024-04-09T15:26:00","guid":{"rendered":"https:\/\/siteanrs-miecameroun.org\/?page_id=1132"},"modified":"2024-07-09T12:51:29","modified_gmt":"2024-07-09T11:51:29","slug":"foire-aux-questions","status":"publish","type":"page","link":"https:\/\/siteanrs-miecameroun.org\/en\/ressources\/foire-aux-questions\/","title":{"rendered":"Foire aux questions"},"content":{"rendered":"<div data-elementor-type=\"wp-page\" data-elementor-id=\"1132\" class=\"elementor elementor-1132\" data-elementor-post-type=\"page\">\n\t\t\t\t<div class=\"elementor-element elementor-element-60508a54 e-flex e-con-boxed e-con e-parent\" data-id=\"60508a54\" data-element_type=\"container\">\n\t\t\t\t\t<div class=\"e-con-inner\">\n\t\t<div class=\"elementor-element elementor-element-73a183ce e-con-full elementor-hidden-mobile e-flex e-con e-child\" data-id=\"73a183ce\" data-element_type=\"container\">\n\t\t\t\t<div class=\"elementor-element elementor-element-30fb74c elementor-widget elementor-widget-heading\" data-id=\"30fb74c\" data-element_type=\"widget\" data-widget_type=\"heading.default\">\n\t\t\t\t<div class=\"elementor-widget-container\">\n\t\t\t\t\t<h2 class=\"elementor-heading-title elementor-size-default\">Ressources<\/h2>\t\t\t\t<\/div>\n\t\t\t\t<\/div>\n\t\t\t\t<\/div>\n\t\t<div class=\"elementor-element elementor-element-5d11044 e-con-full e-flex e-con e-child\" data-id=\"5d11044\" data-element_type=\"container\">\n\t\t\t\t<div class=\"elementor-element elementor-element-428d55ed elementor-widget elementor-widget-text-editor\" data-id=\"428d55ed\" data-element_type=\"widget\" data-widget_type=\"text-editor.default\">\n\t\t\t\t<div class=\"elementor-widget-container\">\n\t\t\t\t\t\t\t\t\t<p>Nous avons rassembl\u00e9 ici les questions les plus fr\u00e9quemment pos\u00e9es par nos visiteurs. Si vous cherchez des r\u00e9ponses rapides, vous \u00eates au bon endroit. Si vous ne trouvez pas la r\u00e9ponse \u00e0 votre question, <a href=\"\/en\/contact\/\">contactez-nous<\/a> directement, et nous serons ravis de vous aider.<\/p>\t\t\t\t\t\t\t\t<\/div>\n\t\t\t\t<\/div>\n\t\t\t\t<div class=\"elementor-element elementor-element-1fca28c elementor-widget elementor-widget-elementskit-accordion\" data-id=\"1fca28c\" data-element_type=\"widget\" data-widget_type=\"elementskit-accordion.default\">\n\t\t\t\t<div class=\"elementor-widget-container\">\n\t\t\t\t\t<div class=\"ekit-wid-con\" >\n        <div class=\"elementskit-accordion accoedion-primary\" id=\"accordion-6a04a01e4b4c1\">\n\n            \n                <div class=\"elementskit-card active\">\n                    <div class=\"elementskit-card-header\" id=\"primaryHeading-0-1fca28c\">\n                        <a href=\"#collapse-51d3b806a04a01e4b4c1\" class=\"ekit-accordion--toggler elementskit-btn-link collapsed\" data-ekit-toggle=\"collapse\" data-target=\"#Collapse-51d3b806a04a01e4b4c1\" aria-expanded=\"true\" aria-controls=\"Collapse-51d3b806a04a01e4b4c1\">\n                            \n                            <span class=\"ekit-accordion-title\">Question n\u00b01<\/span>\n\n                            \n                                <div class=\"ekit_accordion_icon_group\">\n                                    <div class=\"ekit_accordion_normal_icon\">\n                                        <!-- Normal Icon -->\n\t\t\t\t\t\t\t\t\t\t<i class=\"icon icon-down-arrow1\"><\/i>                                    <\/div>\n\n                                    <div class=\"ekit_accordion_active_icon\">\n                                        <!-- Active Icon -->\n\t\t\t\t\t\t\t\t\t\t<i class=\"icon icon-up-arrow\"><\/i>                                    <\/div>\n                                <\/div>\n\n                            \n                                                    <\/a>\n                    <\/div>\n\n                    <div id=\"Collapse-51d3b806a04a01e4b4c1\" class=\"show collapse\" aria-labelledby=\"primaryHeading-0-1fca28c\" data-parent=\"#accordion-6a04a01e4b4c1\">\n\n                        <div class=\"elementskit-card-body ekit-accordion--content\">\n                            <p>Lorem ipsum dolor sit amet, consectetur adipiscing elit. Sed ac justo nec nunc tincidunt fermentum. Nullam euismod, libero a tincidunt vestibulum, odio libero luctus justo, vel ultricies nunc libero vel libero. Sed euismod, justo in bibendum dignissim, felis libero facilisis nunc, nec volutpat nunc justo auctor libero. Fusce euismod, libero id tincidunt tincidunt, justo elit tincidunt justo, nec facilisis libero justo nec libero. Sed euismod.<\/p>                        <\/div>\n\n                    <\/div>\n\n                <\/div><!-- .elementskit-card END -->\n\n                \n                <div class=\"elementskit-card\">\n                    <div class=\"elementskit-card-header\" id=\"primaryHeading-1-1fca28c\">\n                        <a href=\"#collapse-c7ccf316a04a01e4b4c1\" class=\"ekit-accordion--toggler elementskit-btn-link collapsed\" data-ekit-toggle=\"collapse\" data-target=\"#Collapse-c7ccf316a04a01e4b4c1\" aria-expanded=\"false\" aria-controls=\"Collapse-c7ccf316a04a01e4b4c1\">\n                            \n                            <span class=\"ekit-accordion-title\">Question n\u00b02<\/span>\n\n                            \n                                <div class=\"ekit_accordion_icon_group\">\n                                    <div class=\"ekit_accordion_normal_icon\">\n                                        <!-- Normal Icon -->\n\t\t\t\t\t\t\t\t\t\t<i class=\"icon icon-down-arrow1\"><\/i>                                    <\/div>\n\n                                    <div class=\"ekit_accordion_active_icon\">\n                                        <!-- Active Icon -->\n\t\t\t\t\t\t\t\t\t\t<i class=\"icon icon-up-arrow\"><\/i>                                    <\/div>\n                                <\/div>\n\n                            \n                                                    <\/a>\n                    <\/div>\n\n                    <div id=\"Collapse-c7ccf316a04a01e4b4c1\" class=\"collapse\" aria-labelledby=\"primaryHeading-1-1fca28c\" data-parent=\"#accordion-6a04a01e4b4c1\">\n\n                        <div class=\"elementskit-card-body ekit-accordion--content\">\n                            <p>Lorem ipsum dolor sit amet, consectetur adipiscing elit. Sed ac justo nec nunc tincidunt fermentum. Nullam euismod, libero a tincidunt vestibulum, odio libero luctus justo, vel ultricies nunc libero vel libero. Sed euismod, justo in bibendum dignissim, felis libero facilisis nunc, nec volutpat nunc justo auctor libero. Fusce euismod, libero id tincidunt tincidunt, justo elit tincidunt justo, nec facilisis libero justo nec libero. Sed euismod.<\/p>                        <\/div>\n\n                    <\/div>\n\n                <\/div><!-- .elementskit-card END -->\n\n                \n                <div class=\"elementskit-card\">\n                    <div class=\"elementskit-card-header\" id=\"primaryHeading-2-1fca28c\">\n                        <a href=\"#collapse-7d7e9dd6a04a01e4b4c1\" class=\"ekit-accordion--toggler elementskit-btn-link collapsed\" data-ekit-toggle=\"collapse\" data-target=\"#Collapse-7d7e9dd6a04a01e4b4c1\" aria-expanded=\"false\" aria-controls=\"Collapse-7d7e9dd6a04a01e4b4c1\">\n                            \n                            <span class=\"ekit-accordion-title\">Question n\u00b03<\/span>\n\n                            \n                                <div class=\"ekit_accordion_icon_group\">\n                                    <div class=\"ekit_accordion_normal_icon\">\n                                        <!-- Normal Icon -->\n\t\t\t\t\t\t\t\t\t\t<i class=\"icon icon-down-arrow1\"><\/i>                                    <\/div>\n\n                                    <div class=\"ekit_accordion_active_icon\">\n                                        <!-- Active Icon -->\n\t\t\t\t\t\t\t\t\t\t<i class=\"icon icon-up-arrow\"><\/i>                                    <\/div>\n                                <\/div>\n\n                            \n                                                    <\/a>\n                    <\/div>\n\n                    <div id=\"Collapse-7d7e9dd6a04a01e4b4c1\" class=\"collapse\" aria-labelledby=\"primaryHeading-2-1fca28c\" data-parent=\"#accordion-6a04a01e4b4c1\">\n\n                        <div class=\"elementskit-card-body ekit-accordion--content\">\n                            <p>Lorem ipsum dolor sit amet, consectetur adipiscing elit. Sed ac justo nec nunc tincidunt fermentum. Nullam euismod, libero a tincidunt vestibulum, odio libero luctus justo, vel ultricies nunc libero vel libero. Sed euismod, justo in bibendum dignissim, felis libero facilisis nunc, nec volutpat nunc justo auctor libero. Fusce euismod, libero id tincidunt tincidunt, justo elit tincidunt justo, nec facilisis libero justo nec libero. Sed euismod.<\/p>                        <\/div>\n\n                    <\/div>\n\n                <\/div><!-- .elementskit-card END -->\n\n                \n                <div class=\"elementskit-card\">\n                    <div class=\"elementskit-card-header\" id=\"primaryHeading-3-1fca28c\">\n                        <a href=\"#collapse-6eabd886a04a01e4b4c1\" class=\"ekit-accordion--toggler elementskit-btn-link collapsed\" data-ekit-toggle=\"collapse\" data-target=\"#Collapse-6eabd886a04a01e4b4c1\" aria-expanded=\"false\" aria-controls=\"Collapse-6eabd886a04a01e4b4c1\">\n                            \n                            <span class=\"ekit-accordion-title\">Question n\u00b04<\/span>\n\n                            \n                                <div class=\"ekit_accordion_icon_group\">\n                                    <div class=\"ekit_accordion_normal_icon\">\n                                        <!-- Normal Icon -->\n\t\t\t\t\t\t\t\t\t\t<i class=\"icon icon-down-arrow1\"><\/i>                                    <\/div>\n\n                                    <div class=\"ekit_accordion_active_icon\">\n                                        <!-- Active Icon -->\n\t\t\t\t\t\t\t\t\t\t<i class=\"icon icon-up-arrow\"><\/i>                                    <\/div>\n                                <\/div>\n\n                            \n                                                    <\/a>\n                    <\/div>\n\n                    <div id=\"Collapse-6eabd886a04a01e4b4c1\" class=\"collapse\" aria-labelledby=\"primaryHeading-3-1fca28c\" data-parent=\"#accordion-6a04a01e4b4c1\">\n\n                        <div class=\"elementskit-card-body ekit-accordion--content\">\n                            <p>Lorem ipsum dolor sit amet, consectetur adipiscing elit. Sed ac justo nec nunc tincidunt fermentum. Nullam euismod, libero a tincidunt vestibulum, odio libero luctus justo, vel ultricies nunc libero vel libero. Sed euismod, justo in bibendum dignissim, felis libero facilisis nunc, nec volutpat nunc justo auctor libero. Fusce euismod, libero id tincidunt tincidunt, justo elit tincidunt justo, nec facilisis libero justo nec libero. Sed euismod.<\/p>                        <\/div>\n\n                    <\/div>\n\n                <\/div><!-- .elementskit-card END -->\n\n                \n                <div class=\"elementskit-card\">\n                    <div class=\"elementskit-card-header\" id=\"primaryHeading-4-1fca28c\">\n                        <a href=\"#collapse-65002bf6a04a01e4b4c1\" class=\"ekit-accordion--toggler elementskit-btn-link collapsed\" data-ekit-toggle=\"collapse\" data-target=\"#Collapse-65002bf6a04a01e4b4c1\" aria-expanded=\"false\" aria-controls=\"Collapse-65002bf6a04a01e4b4c1\">\n                            \n                            <span class=\"ekit-accordion-title\">Question n\u00b05<\/span>\n\n                            \n                                <div class=\"ekit_accordion_icon_group\">\n                                    <div class=\"ekit_accordion_normal_icon\">\n                                        <!-- Normal Icon -->\n\t\t\t\t\t\t\t\t\t\t<i class=\"icon icon-down-arrow1\"><\/i>                                    <\/div>\n\n                                    <div class=\"ekit_accordion_active_icon\">\n                                        <!-- Active Icon -->\n\t\t\t\t\t\t\t\t\t\t<i class=\"icon icon-up-arrow\"><\/i>                                    <\/div>\n                                <\/div>\n\n                            \n                                                    <\/a>\n                    <\/div>\n\n                    <div id=\"Collapse-65002bf6a04a01e4b4c1\" class=\"collapse\" aria-labelledby=\"primaryHeading-4-1fca28c\" data-parent=\"#accordion-6a04a01e4b4c1\">\n\n                        <div class=\"elementskit-card-body ekit-accordion--content\">\n                            <p>Lorem ipsum dolor sit amet, consectetur adipiscing elit. Sed ac justo nec nunc tincidunt fermentum. Nullam euismod, libero a tincidunt vestibulum, odio libero luctus justo, vel ultricies nunc libero vel libero. Sed euismod, justo in bibendum dignissim, felis libero facilisis nunc, nec volutpat nunc justo auctor libero. Fusce euismod, libero id tincidunt tincidunt, justo elit tincidunt justo, nec facilisis libero justo nec libero. Sed euismod.<\/p>                        <\/div>\n\n                    <\/div>\n\n                <\/div><!-- .elementskit-card END -->\n\n                                        <\/div>\n    <\/div>\t\t\t\t<\/div>\n\t\t\t\t<\/div>\n\t\t\t\t<\/div>\n\t\t\t\t\t<\/div>\n\t\t\t\t<\/div>\n\t\t<div class=\"elementor-element elementor-element-1ca17964 e-flex e-con-boxed e-con e-parent\" data-id=\"1ca17964\" data-element_type=\"container\">\n\t\t\t\t\t<div class=\"e-con-inner\">\n\t\t<div class=\"elementor-element elementor-element-7484dcf3 e-con-full e-flex e-con e-child\" data-id=\"7484dcf3\" data-element_type=\"container\">\n\t\t\t\t<\/div>\n\t\t<div class=\"elementor-element elementor-element-4ee5b7bc e-con-full e-flex e-con e-child\" data-id=\"4ee5b7bc\" data-element_type=\"container\">\n\t\t\t\t<div class=\"elementor-element elementor-element-77638598 elementor-icon-list--layout-inline elementor-align-left elementor-mobile-align-center elementor-widget-mobile__width-initial elementor-list-item-link-full_width elementor-widget elementor-widget-icon-list\" data-id=\"77638598\" data-element_type=\"widget\" data-widget_type=\"icon-list.default\">\n\t\t\t\t<div class=\"elementor-widget-container\">\n\t\t\t\t\t\t\t<ul class=\"elementor-icon-list-items elementor-inline-items\">\n\t\t\t\t\t\t\t<li class=\"elementor-icon-list-item elementor-inline-item\">\n\t\t\t\t\t\t\t\t\t\t\t<a href=\"\/en\/avis-et-decisions\/\">\n\n\t\t\t\t\t\t\t\t\t\t\t\t<span class=\"elementor-icon-list-icon\">\n\t\t\t\t\t\t\t<i aria-hidden=\"true\" class=\"icon icon-left-arrow2\"><\/i>\t\t\t\t\t\t<\/span>\n\t\t\t\t\t\t\t\t\t\t<span class=\"elementor-icon-list-text\">Avis et d\u00e9cisions<\/span>\n\t\t\t\t\t\t\t\t\t\t\t<\/a>\n\t\t\t\t\t\t\t\t\t<\/li>\n\t\t\t\t\t\t<\/ul>\n\t\t\t\t\t\t<\/div>\n\t\t\t\t<\/div>\n\t\t\t\t<\/div>\n\t\t<div class=\"elementor-element elementor-element-5584af2c e-con-full e-flex e-con e-child\" data-id=\"5584af2c\" data-element_type=\"container\">\n\t\t\t\t<\/div>\n\t\t\t\t\t<\/div>\n\t\t\t\t<\/div>\n\t\t\t\t<\/div>","protected":false},"excerpt":{"rendered":"<p>Ressources Menu Publications Base de donn\u00e9es de recherche Rapports d\u2019activit\u00e9s Avis et d\u00e9cisions Foire aux questions Nous avons rassembl\u00e9 ici les questions les plus fr\u00e9quemment pos\u00e9es par nos visiteurs. Si [&hellip;]<\/p>\n","protected":false},"author":1,"featured_media":0,"parent":1113,"menu_order":0,"comment_status":"closed","ping_status":"closed","template":"standard.php","meta":{"_monsterinsights_skip_tracking":false,"_monsterinsights_sitenote_active":false,"_monsterinsights_sitenote_note":"","_monsterinsights_sitenote_category":0,"site-sidebar-layout":"no-sidebar","site-content-layout":"","ast-site-content-layout":"full-width-container","site-content-style":"default","site-sidebar-style":"default","ast-global-header-display":"","ast-banner-title-visibility":"","ast-main-header-display":"","ast-hfb-above-header-display":"","ast-hfb-below-header-display":"","ast-hfb-mobile-header-display":"","site-post-title":"disabled","ast-breadcrumbs-content":"","ast-featured-img":"disabled","footer-sml-layout":"","theme-transparent-header-meta":"","adv-header-id-meta":"","stick-header-meta":"","header-above-stick-meta":"","header-main-stick-meta":"","header-below-stick-meta":"","astra-migrate-meta-layouts":"default","ast-page-background-enabled":"default","ast-page-background-meta":{"desktop":{"background-color":"var(--ast-global-color-4)","background-image":"","background-repeat":"repeat","background-position":"center center","background-size":"auto","background-attachment":"scroll","background-type":"","background-media":"","overlay-type":"","overlay-color":"","overlay-gradient":""},"tablet":{"background-color":"","background-image":"","background-repeat":"repeat","background-position":"center center","background-size":"auto","background-attachment":"scroll","background-type":"","background-media":"","overlay-type":"","overlay-color":"","overlay-gradient":""},"mobile":{"background-color":"","background-image":"","background-repeat":"repeat","background-position":"center center","background-size":"auto","background-attachment":"scroll","background-type":"","background-media":"","overlay-type":"","overlay-color":"","overlay-gradient":""}},"ast-content-background-meta":{"desktop":{"background-color":"var(--ast-global-color-5)","background-image":"","background-repeat":"repeat","background-position":"center center","background-size":"auto","background-attachment":"scroll","background-type":"","background-media":"","overlay-type":"","overlay-color":"","overlay-gradient":""},"tablet":{"background-color":"var(--ast-global-color-5)","background-image":"","background-repeat":"repeat","background-position":"center center","background-size":"auto","background-attachment":"scroll","background-type":"","background-media":"","overlay-type":"","overlay-color":"","overlay-gradient":""},"mobile":{"background-color":"var(--ast-global-color-5)","background-image":"","background-repeat":"repeat","background-position":"center center","background-size":"auto","background-attachment":"scroll","background-type":"","background-media":"","overlay-type":"","overlay-color":"","overlay-gradient":""}},"footnotes":""},"class_list":["post-1132","page","type-page","status-publish","hentry"],"_links":{"self":[{"href":"https:\/\/siteanrs-miecameroun.org\/en\/wp-json\/wp\/v2\/pages\/1132","targetHints":{"allow":["GET"]}}],"collection":[{"href":"https:\/\/siteanrs-miecameroun.org\/en\/wp-json\/wp\/v2\/pages"}],"about":[{"href":"https:\/\/siteanrs-miecameroun.org\/en\/wp-json\/wp\/v2\/types\/page"}],"author":[{"embeddable":true,"href":"https:\/\/siteanrs-miecameroun.org\/en\/wp-json\/wp\/v2\/users\/1"}],"replies":[{"embeddable":true,"href":"https:\/\/siteanrs-miecameroun.org\/en\/wp-json\/wp\/v2\/comments?post=1132"}],"version-history":[{"count":16,"href":"https:\/\/siteanrs-miecameroun.org\/en\/wp-json\/wp\/v2\/pages\/1132\/revisions"}],"predecessor-version":[{"id":2290,"href":"https:\/\/siteanrs-miecameroun.org\/en\/wp-json\/wp\/v2\/pages\/1132\/revisions\/2290"}],"up":[{"embeddable":true,"href":"https:\/\/siteanrs-miecameroun.org\/en\/wp-json\/wp\/v2\/pages\/1113"}],"wp:attachment":[{"href":"https:\/\/siteanrs-miecameroun.org\/en\/wp-json\/wp\/v2\/media?parent=1132"}],"curies":[{"name":"wp","href":"https:\/\/api.w.org\/{rel}","templated":true}]}}