{"id":1125,"date":"2024-04-09T11:31:00","date_gmt":"2024-04-09T10:31:00","guid":{"rendered":"https:\/\/siteanrs-miecameroun.org\/?page_id=1125"},"modified":"2024-07-18T16:27:27","modified_gmt":"2024-07-18T15:27:27","slug":"rapports-d-activites","status":"publish","type":"page","link":"https:\/\/siteanrs-miecameroun.org\/en\/ressources\/rapports-d-activites\/","title":{"rendered":"Rapports d&rsquo;activit\u00e9s"},"content":{"rendered":"<div data-elementor-type=\"wp-page\" data-elementor-id=\"1125\" class=\"elementor elementor-1125\" data-elementor-post-type=\"page\">\n\t\t\t\t<div class=\"elementor-element elementor-element-5040e846 e-flex e-con-boxed e-con e-parent\" data-id=\"5040e846\" data-element_type=\"container\">\n\t\t\t\t\t<div class=\"e-con-inner\">\n\t\t<div class=\"elementor-element elementor-element-5eff89f0 e-con-full elementor-hidden-mobile e-flex e-con e-child\" data-id=\"5eff89f0\" data-element_type=\"container\">\n\t\t\t\t<div class=\"elementor-element elementor-element-b73e33e elementor-widget elementor-widget-heading\" data-id=\"b73e33e\" data-element_type=\"widget\" data-widget_type=\"heading.default\">\n\t\t\t\t<div class=\"elementor-widget-container\">\n\t\t\t\t\t<h2 class=\"elementor-heading-title elementor-size-default\">Ressources<\/h2>\t\t\t\t<\/div>\n\t\t\t\t<\/div>\n\t\t\t\t<\/div>\n\t\t<div class=\"elementor-element elementor-element-2102fc56 e-con-full e-flex e-con e-child\" data-id=\"2102fc56\" data-element_type=\"container\">\n\t\t\t\t<div class=\"elementor-element elementor-element-49b41b51 elementor-widget elementor-widget-text-editor\" data-id=\"49b41b51\" data-element_type=\"widget\" data-widget_type=\"text-editor.default\">\n\t\t\t\t<div class=\"elementor-widget-container\">\n\t\t\t\t\t\t\t\t\t<p>Retrouvez nos derniers rapports d&rsquo;activit\u00e9s sur cette page.<\/p>\t\t\t\t\t\t\t\t<\/div>\n\t\t\t\t<\/div>\n\t\t<div class=\"elementor-element elementor-element-6b8ef8f e-flex e-con-boxed e-con e-child\" data-id=\"6b8ef8f\" data-element_type=\"container\">\n\t\t\t\t\t<div class=\"e-con-inner\">\n\t\t\t\t<div class=\"elementor-element elementor-element-ff015dc elementor-widget__width-initial elementor-widget elementor-widget-image\" data-id=\"ff015dc\" data-element_type=\"widget\" data-widget_type=\"image.default\">\n\t\t\t\t<div class=\"elementor-widget-container\">\n\t\t\t\t\t\t\t\t\t\t\t\t\t\t\t\t<a href=\"#\">\n\t\t\t\t\t\t\t<img fetchpriority=\"high\" decoding=\"async\" width=\"212\" height=\"300\" src=\"https:\/\/siteanrs-miecameroun.org\/wp-content\/uploads\/2024\/06\/rapport-212x300.webp\" class=\"attachment-medium size-medium wp-image-1800\" alt=\"Rapport\" srcset=\"https:\/\/siteanrs-miecameroun.org\/wp-content\/uploads\/2024\/06\/rapport-212x300.webp 212w, https:\/\/siteanrs-miecameroun.org\/wp-content\/uploads\/2024\/06\/rapport-724x1024.webp 724w, https:\/\/siteanrs-miecameroun.org\/wp-content\/uploads\/2024\/06\/rapport-768x1086.webp 768w, https:\/\/siteanrs-miecameroun.org\/wp-content\/uploads\/2024\/06\/rapport-1086x1536.webp 1086w, https:\/\/siteanrs-miecameroun.org\/wp-content\/uploads\/2024\/06\/rapport-8x12.webp 8w, https:\/\/siteanrs-miecameroun.org\/wp-content\/uploads\/2024\/06\/rapport.webp 1131w\" sizes=\"(max-width: 212px) 100vw, 212px\" \/>\t\t\t\t\t\t\t\t<\/a>\n\t\t\t\t\t\t\t\t\t\t\t\t\t\t\t<\/div>\n\t\t\t\t<\/div>\n\t\t\t\t<div class=\"elementor-element elementor-element-cecf7c4 elementor-widget elementor-widget-text-editor\" data-id=\"cecf7c4\" data-element_type=\"widget\" data-widget_type=\"text-editor.default\">\n\t\t\t\t<div class=\"elementor-widget-container\">\n\t\t\t\t\t\t\t\t\t<p>Lorem ipsum dolor sit amet, consectetur adipiscing elit. Ut elit tellus, luctus nec ullamcorper mattis, pulvinar dapibus leo.<\/p><p>Juin 2023<\/p>\t\t\t\t\t\t\t\t<\/div>\n\t\t\t\t<\/div>\n\t\t\t\t\t<\/div>\n\t\t\t\t<\/div>\n\t\t<div class=\"elementor-element elementor-element-a0f4d25 e-flex e-con-boxed e-con e-child\" data-id=\"a0f4d25\" data-element_type=\"container\">\n\t\t\t\t\t<div class=\"e-con-inner\">\n\t\t\t\t<div class=\"elementor-element elementor-element-8ba08d0 elementor-widget__width-initial elementor-widget elementor-widget-image\" data-id=\"8ba08d0\" data-element_type=\"widget\" data-widget_type=\"image.default\">\n\t\t\t\t<div class=\"elementor-widget-container\">\n\t\t\t\t\t\t\t\t\t\t\t\t\t\t\t\t<a href=\"#\">\n\t\t\t\t\t\t\t<img fetchpriority=\"high\" decoding=\"async\" width=\"212\" height=\"300\" src=\"https:\/\/siteanrs-miecameroun.org\/wp-content\/uploads\/2024\/06\/rapport-212x300.webp\" class=\"attachment-medium size-medium wp-image-1800\" alt=\"Rapport\" srcset=\"https:\/\/siteanrs-miecameroun.org\/wp-content\/uploads\/2024\/06\/rapport-212x300.webp 212w, https:\/\/siteanrs-miecameroun.org\/wp-content\/uploads\/2024\/06\/rapport-724x1024.webp 724w, https:\/\/siteanrs-miecameroun.org\/wp-content\/uploads\/2024\/06\/rapport-768x1086.webp 768w, https:\/\/siteanrs-miecameroun.org\/wp-content\/uploads\/2024\/06\/rapport-1086x1536.webp 1086w, https:\/\/siteanrs-miecameroun.org\/wp-content\/uploads\/2024\/06\/rapport-8x12.webp 8w, https:\/\/siteanrs-miecameroun.org\/wp-content\/uploads\/2024\/06\/rapport.webp 1131w\" sizes=\"(max-width: 212px) 100vw, 212px\" \/>\t\t\t\t\t\t\t\t<\/a>\n\t\t\t\t\t\t\t\t\t\t\t\t\t\t\t<\/div>\n\t\t\t\t<\/div>\n\t\t\t\t<div class=\"elementor-element elementor-element-c32553d elementor-widget elementor-widget-text-editor\" data-id=\"c32553d\" data-element_type=\"widget\" data-widget_type=\"text-editor.default\">\n\t\t\t\t<div class=\"elementor-widget-container\">\n\t\t\t\t\t\t\t\t\t<p>Lorem ipsum dolor sit amet, consectetur adipiscing elit. Ut elit tellus, luctus nec ullamcorper mattis, pulvinar dapibus leo.<\/p><p>Juin 2023<\/p>\t\t\t\t\t\t\t\t<\/div>\n\t\t\t\t<\/div>\n\t\t\t\t\t<\/div>\n\t\t\t\t<\/div>\n\t\t<div class=\"elementor-element elementor-element-d5e42de e-flex e-con-boxed e-con e-child\" data-id=\"d5e42de\" data-element_type=\"container\">\n\t\t\t\t\t<div class=\"e-con-inner\">\n\t\t\t\t<div class=\"elementor-element elementor-element-d522f0a elementor-widget__width-initial elementor-widget elementor-widget-image\" data-id=\"d522f0a\" data-element_type=\"widget\" data-widget_type=\"image.default\">\n\t\t\t\t<div class=\"elementor-widget-container\">\n\t\t\t\t\t\t\t\t\t\t\t\t\t\t\t\t<a href=\"#\">\n\t\t\t\t\t\t\t<img fetchpriority=\"high\" decoding=\"async\" width=\"212\" height=\"300\" src=\"https:\/\/siteanrs-miecameroun.org\/wp-content\/uploads\/2024\/06\/rapport-212x300.webp\" class=\"attachment-medium size-medium wp-image-1800\" alt=\"Rapport\" srcset=\"https:\/\/siteanrs-miecameroun.org\/wp-content\/uploads\/2024\/06\/rapport-212x300.webp 212w, https:\/\/siteanrs-miecameroun.org\/wp-content\/uploads\/2024\/06\/rapport-724x1024.webp 724w, https:\/\/siteanrs-miecameroun.org\/wp-content\/uploads\/2024\/06\/rapport-768x1086.webp 768w, https:\/\/siteanrs-miecameroun.org\/wp-content\/uploads\/2024\/06\/rapport-1086x1536.webp 1086w, https:\/\/siteanrs-miecameroun.org\/wp-content\/uploads\/2024\/06\/rapport-8x12.webp 8w, https:\/\/siteanrs-miecameroun.org\/wp-content\/uploads\/2024\/06\/rapport.webp 1131w\" sizes=\"(max-width: 212px) 100vw, 212px\" \/>\t\t\t\t\t\t\t\t<\/a>\n\t\t\t\t\t\t\t\t\t\t\t\t\t\t\t<\/div>\n\t\t\t\t<\/div>\n\t\t\t\t<div class=\"elementor-element elementor-element-ee0d63d elementor-widget elementor-widget-text-editor\" data-id=\"ee0d63d\" data-element_type=\"widget\" data-widget_type=\"text-editor.default\">\n\t\t\t\t<div class=\"elementor-widget-container\">\n\t\t\t\t\t\t\t\t\t<p>Lorem ipsum dolor sit amet, consectetur adipiscing elit. Ut elit tellus, luctus nec ullamcorper mattis, pulvinar dapibus leo.<\/p><p>Juin 2023<\/p>\t\t\t\t\t\t\t\t<\/div>\n\t\t\t\t<\/div>\n\t\t\t\t\t<\/div>\n\t\t\t\t<\/div>\n\t\t\t\t<\/div>\n\t\t\t\t\t<\/div>\n\t\t\t\t<\/div>\n\t\t<div class=\"elementor-element elementor-element-6384c567 e-flex e-con-boxed e-con e-parent\" data-id=\"6384c567\" data-element_type=\"container\">\n\t\t\t\t\t<div class=\"e-con-inner\">\n\t\t<div class=\"elementor-element elementor-element-61566f57 e-con-full e-flex e-con e-child\" data-id=\"61566f57\" data-element_type=\"container\">\n\t\t\t\t<\/div>\n\t\t<div class=\"elementor-element elementor-element-1f964956 e-con-full e-flex e-con e-child\" data-id=\"1f964956\" data-element_type=\"container\">\n\t\t\t\t<div class=\"elementor-element elementor-element-1617b77a elementor-icon-list--layout-inline elementor-align-left elementor-mobile-align-center elementor-widget-mobile__width-initial elementor-list-item-link-full_width elementor-widget elementor-widget-icon-list\" data-id=\"1617b77a\" data-element_type=\"widget\" data-widget_type=\"icon-list.default\">\n\t\t\t\t<div class=\"elementor-widget-container\">\n\t\t\t\t\t\t\t<ul class=\"elementor-icon-list-items elementor-inline-items\">\n\t\t\t\t\t\t\t<li class=\"elementor-icon-list-item elementor-inline-item\">\n\t\t\t\t\t\t\t\t\t\t\t<a href=\"\/en\/base-de-donnees-de-recherche\/\">\n\n\t\t\t\t\t\t\t\t\t\t\t\t<span class=\"elementor-icon-list-icon\">\n\t\t\t\t\t\t\t<i aria-hidden=\"true\" class=\"icon icon-left-arrow2\"><\/i>\t\t\t\t\t\t<\/span>\n\t\t\t\t\t\t\t\t\t\t<span class=\"elementor-icon-list-text\">Base de donn\u00e9es de recherche<\/span>\n\t\t\t\t\t\t\t\t\t\t\t<\/a>\n\t\t\t\t\t\t\t\t\t<\/li>\n\t\t\t\t\t\t<\/ul>\n\t\t\t\t\t\t<\/div>\n\t\t\t\t<\/div>\n\t\t\t\t<\/div>\n\t\t<div class=\"elementor-element elementor-element-3fb02ee8 e-con-full e-flex e-con e-child\" data-id=\"3fb02ee8\" data-element_type=\"container\">\n\t\t\t\t<div class=\"elementor-element elementor-element-2ad62237 elementor-icon-list--layout-inline elementor-align-right elementor-mobile-align-center elementor-widget-mobile__width-initial elementor-list-item-link-full_width elementor-widget elementor-widget-icon-list\" data-id=\"2ad62237\" data-element_type=\"widget\" data-widget_type=\"icon-list.default\">\n\t\t\t\t<div class=\"elementor-widget-container\">\n\t\t\t\t\t\t\t<ul class=\"elementor-icon-list-items elementor-inline-items\">\n\t\t\t\t\t\t\t<li class=\"elementor-icon-list-item elementor-inline-item\">\n\t\t\t\t\t\t\t\t\t\t\t<a href=\"\/en\/avis-et-decisions\/\">\n\n\t\t\t\t\t\t\t\t\t\t\t\t<span class=\"elementor-icon-list-icon\">\n\t\t\t\t\t\t\t<i aria-hidden=\"true\" class=\"icon icon-right-arrow2\"><\/i>\t\t\t\t\t\t<\/span>\n\t\t\t\t\t\t\t\t\t\t<span class=\"elementor-icon-list-text\">Avis et d\u00e9cisions<\/span>\n\t\t\t\t\t\t\t\t\t\t\t<\/a>\n\t\t\t\t\t\t\t\t\t<\/li>\n\t\t\t\t\t\t<\/ul>\n\t\t\t\t\t\t<\/div>\n\t\t\t\t<\/div>\n\t\t\t\t<\/div>\n\t\t\t\t\t<\/div>\n\t\t\t\t<\/div>\n\t\t\t\t<\/div>","protected":false},"excerpt":{"rendered":"<p>Ressources Menu Publications Base de donn\u00e9es de recherche Rapports d\u2019activit\u00e9s Avis et d\u00e9cisions Foire aux questions Retrouvez nos derniers rapports d&rsquo;activit\u00e9s sur cette page. Lorem ipsum dolor sit amet, consectetur [&hellip;]<\/p>\n","protected":false},"author":1,"featured_media":0,"parent":1113,"menu_order":0,"comment_status":"closed","ping_status":"closed","template":"standard.php","meta":{"_monsterinsights_skip_tracking":false,"_monsterinsights_sitenote_active":false,"_monsterinsights_sitenote_note":"","_monsterinsights_sitenote_category":0,"site-sidebar-layout":"no-sidebar","site-content-layout":"","ast-site-content-layout":"full-width-container","site-content-style":"default","site-sidebar-style":"default","ast-global-header-display":"","ast-banner-title-visibility":"","ast-main-header-display":"","ast-hfb-above-header-display":"","ast-hfb-below-header-display":"","ast-hfb-mobile-header-display":"","site-post-title":"disabled","ast-breadcrumbs-content":"","ast-featured-img":"disabled","footer-sml-layout":"","theme-transparent-header-meta":"","adv-header-id-meta":"","stick-header-meta":"","header-above-stick-meta":"","header-main-stick-meta":"","header-below-stick-meta":"","astra-migrate-meta-layouts":"default","ast-page-background-enabled":"default","ast-page-background-meta":{"desktop":{"background-color":"var(--ast-global-color-4)","background-image":"","background-repeat":"repeat","background-position":"center center","background-size":"auto","background-attachment":"scroll","background-type":"","background-media":"","overlay-type":"","overlay-color":"","overlay-gradient":""},"tablet":{"background-color":"","background-image":"","background-repeat":"repeat","background-position":"center center","background-size":"auto","background-attachment":"scroll","background-type":"","background-media":"","overlay-type":"","overlay-color":"","overlay-gradient":""},"mobile":{"background-color":"","background-image":"","background-repeat":"repeat","background-position":"center center","background-size":"auto","background-attachment":"scroll","background-type":"","background-media":"","overlay-type":"","overlay-color":"","overlay-gradient":""}},"ast-content-background-meta":{"desktop":{"background-color":"var(--ast-global-color-5)","background-image":"","background-repeat":"repeat","background-position":"center center","background-size":"auto","background-attachment":"scroll","background-type":"","background-media":"","overlay-type":"","overlay-color":"","overlay-gradient":""},"tablet":{"background-color":"var(--ast-global-color-5)","background-image":"","background-repeat":"repeat","background-position":"center center","background-size":"auto","background-attachment":"scroll","background-type":"","background-media":"","overlay-type":"","overlay-color":"","overlay-gradient":""},"mobile":{"background-color":"var(--ast-global-color-5)","background-image":"","background-repeat":"repeat","background-position":"center center","background-size":"auto","background-attachment":"scroll","background-type":"","background-media":"","overlay-type":"","overlay-color":"","overlay-gradient":""}},"footnotes":""},"class_list":["post-1125","page","type-page","status-publish","hentry"],"_links":{"self":[{"href":"https:\/\/siteanrs-miecameroun.org\/en\/wp-json\/wp\/v2\/pages\/1125","targetHints":{"allow":["GET"]}}],"collection":[{"href":"https:\/\/siteanrs-miecameroun.org\/en\/wp-json\/wp\/v2\/pages"}],"about":[{"href":"https:\/\/siteanrs-miecameroun.org\/en\/wp-json\/wp\/v2\/types\/page"}],"author":[{"embeddable":true,"href":"https:\/\/siteanrs-miecameroun.org\/en\/wp-json\/wp\/v2\/users\/1"}],"replies":[{"embeddable":true,"href":"https:\/\/siteanrs-miecameroun.org\/en\/wp-json\/wp\/v2\/comments?post=1125"}],"version-history":[{"count":17,"href":"https:\/\/siteanrs-miecameroun.org\/en\/wp-json\/wp\/v2\/pages\/1125\/revisions"}],"predecessor-version":[{"id":2380,"href":"https:\/\/siteanrs-miecameroun.org\/en\/wp-json\/wp\/v2\/pages\/1125\/revisions\/2380"}],"up":[{"embeddable":true,"href":"https:\/\/siteanrs-miecameroun.org\/en\/wp-json\/wp\/v2\/pages\/1113"}],"wp:attachment":[{"href":"https:\/\/siteanrs-miecameroun.org\/en\/wp-json\/wp\/v2\/media?parent=1125"}],"curies":[{"name":"wp","href":"https:\/\/api.w.org\/{rel}","templated":true}]}}