{"id":1103,"date":"2024-04-13T09:37:00","date_gmt":"2024-04-13T08:37:00","guid":{"rendered":"https:\/\/siteanrs-miecameroun.org\/?page_id=1103"},"modified":"2024-07-18T13:15:10","modified_gmt":"2024-07-18T12:15:10","slug":"domaine-de-recherche","status":"publish","type":"page","link":"https:\/\/siteanrs-miecameroun.org\/en\/recherche\/domaine-de-recherche\/","title":{"rendered":"Domaine de recherche"},"content":{"rendered":"<div data-elementor-type=\"wp-page\" data-elementor-id=\"1103\" class=\"elementor elementor-1103\" data-elementor-post-type=\"page\">\n\t\t\t\t<div class=\"elementor-element elementor-element-7b40b5e9 e-flex e-con-boxed e-con e-parent\" data-id=\"7b40b5e9\" data-element_type=\"container\">\n\t\t\t\t\t<div class=\"e-con-inner\">\n\t\t<div class=\"elementor-element elementor-element-761584ca e-con-full elementor-hidden-mobile e-flex e-con e-child\" data-id=\"761584ca\" data-element_type=\"container\">\n\t\t\t\t<div class=\"elementor-element elementor-element-5158ce8c elementor-widget elementor-widget-heading\" data-id=\"5158ce8c\" data-element_type=\"widget\" data-widget_type=\"heading.default\">\n\t\t\t\t<div class=\"elementor-widget-container\">\n\t\t\t\t\t<h2 class=\"elementor-heading-title elementor-size-default\">Recherche<\/h2>\t\t\t\t<\/div>\n\t\t\t\t<\/div>\n\t\t\t\t<\/div>\n\t\t<div class=\"elementor-element elementor-element-571365ab e-con-full e-flex e-con e-child\" data-id=\"571365ab\" data-element_type=\"container\">\n\t\t\t\t<div class=\"elementor-element elementor-element-642f0e17 elementor-widget elementor-widget-text-editor\" data-id=\"642f0e17\" data-element_type=\"widget\" data-widget_type=\"text-editor.default\">\n\t\t\t\t<div class=\"elementor-widget-container\">\n\t\t\t\t\t\t\t\t\t<p>Le SITE ANRS-MIE Cameroun est un centre de recherche sp\u00e9cialis\u00e9 dans l&rsquo;\u00e9tude des maladies infectieuses. Nos prmcipaux axes de recherche comprennent le VIH\/SIDA, les h\u00e9patites virales, les infections sexuellement transmissibles (IST), la tuberculose, et les maladies infectieuses \u00e9mergentes.<\/p>\t\t\t\t\t\t\t\t<\/div>\n\t\t\t\t<\/div>\n\t\t\t\t<div class=\"elementor-element elementor-element-e02626c elementor-widget elementor-widget-eael-adv-tabs\" data-id=\"e02626c\" data-element_type=\"widget\" data-widget_type=\"eael-adv-tabs.default\">\n\t\t\t\t<div class=\"elementor-widget-container\">\n\t\t\t\t\t        <div data-scroll-on-click=\"no\" data-scroll-speed=\"300\" id=\"eael-advance-tabs-e02626c\" class=\"eael-advance-tabs eael-tabs-horizontal eael-tab-auto-active\" data-tabid=\"e02626c\">\n            <div class=\"eael-tabs-nav\">\n                <ul class=\"eael-tab-inline-icon\" role=\"tablist\">\n                                            <li id=\"vihsida\" class=\"inactive eael-tab-item-trigger eael-tab-nav-item\" aria-selected=\"true\" data-tab=\"1\" role=\"tab\" tabindex=\"0\" aria-controls=\"vihsida-tab\" aria-expanded=\"false\">\n                            \n                                                                                                                            \n                                                            <span class=\"eael-tab-title title-after-icon\" >VIH\/SIDA<\/span>                            \n                                                    <\/li>\n                                            <li id=\"infections-sexuellement-transmissibles\" class=\"inactive eael-tab-item-trigger eael-tab-nav-item\" aria-selected=\"false\" data-tab=\"2\" role=\"tab\" tabindex=\"-1\" aria-controls=\"infections-sexuellement-transmissibles-tab\" aria-expanded=\"false\">\n                            \n                                                                                                                            \n                                                            <span class=\"eael-tab-title title-after-icon\" >Infections Sexuellement Transmissibles<\/span>                            \n                                                    <\/li>\n                                            <li id=\"hpatites-virales\" class=\"inactive eael-tab-item-trigger eael-tab-nav-item\" aria-selected=\"false\" data-tab=\"3\" role=\"tab\" tabindex=\"-1\" aria-controls=\"hpatites-virales-tab\" aria-expanded=\"false\">\n                            \n                                                                                                                            \n                                                            <span class=\"eael-tab-title title-after-icon\" >H\u00e9patites Virales<\/span>                            \n                                                    <\/li>\n                                            <li id=\"tuberculose\" class=\"inactive eael-tab-item-trigger eael-tab-nav-item\" aria-selected=\"false\" data-tab=\"4\" role=\"tab\" tabindex=\"-1\" aria-controls=\"tuberculose-tab\" aria-expanded=\"false\">\n                            \n                                                                                                                            \n                                                            <span class=\"eael-tab-title title-after-icon\" >Tuberculose<\/span>                            \n                                                    <\/li>\n                                            <li id=\"maladies-infectueuses-emergentes\" class=\"inactive eael-tab-item-trigger eael-tab-nav-item\" aria-selected=\"false\" data-tab=\"5\" role=\"tab\" tabindex=\"-1\" aria-controls=\"maladies-infectueuses-emergentes-tab\" aria-expanded=\"false\">\n                            \n                                                                                                                            \n                                                            <span class=\"eael-tab-title title-after-icon\" >Maladies Infectueuses Emergentes<\/span>                            \n                                                    <\/li>\n                                    <\/ul>\n            <\/div>\n            \n            <div class=\"eael-tabs-content\">\n\t\t        \n                    <div id=\"vihsida-tab\" class=\"clearfix eael-tab-content-item inactive\" data-title-link=\"vihsida-tab\">\n\t\t\t\t        <p>Nous menons des \u00e9tudes approfondies sur la pr\u00e9vention, le diagnostic, et le traitement du<br \/>VIH\/SIDA. Nos recherches portent sur l&rsquo;am\u00e9lioration des th\u00e9rapies antir\u00e9trovirales, l&rsquo;adh\u00e9sion<br \/>au traitement, et la r\u00e9duction de la transmission. Nous \u00e9tudions \u00e9galement l&rsquo;impact du VIII sur<br \/>la sant\u00e9 globale des individus infect\u00e9s et d\u00e9veloppons des strat\u00e9gies pour am\u00e9liorer leur<br \/>qualit\u00e9 de vie.<\/p>                    <\/div>\n\t\t        \n                    <div id=\"infections-sexuellement-transmissibles-tab\" class=\"clearfix eael-tab-content-item inactive\" data-title-link=\"infections-sexuellement-transmissibles-tab\">\n\t\t\t\t        <p>Nous effectuons des recherches sur la pr\u00e9vention et le traitement des IST, avec un accent<br \/>particulier sur les interventions communautaires et les programmes de sensibilisation. Nous<br \/>\u00e9tudions \u00e9galement les co-infections IST\/VIH et leur impact sur la progression de ces<br \/>maladies.<\/p>                    <\/div>\n\t\t        \n                    <div id=\"hpatites-virales-tab\" class=\"clearfix eael-tab-content-item inactive\" data-title-link=\"hpatites-virales-tab\">\n\t\t\t\t        <p>Nos travaux sur les h\u00e9patites B et C se concentrent sur la pr\u00e9vention, le d\u00e9pistage pr\u00e9coce, et<br \/>le traitement. Nous explorons les interactions entre le VIH et les h\u00e9patites virales, ainsi que<br \/>les nouvelles options th\u00e9rapeutiques pour r\u00e9duire la charge virale et pr\u00e9venir les<br \/>complications h\u00e9patiques.<\/p>                    <\/div>\n\t\t        \n                    <div id=\"tuberculose-tab\" class=\"clearfix eael-tab-content-item inactive\" data-title-link=\"tuberculose-tab\">\n\t\t\t\t        <p>Notre centre est impliqu\u00e9 dans la recherche sur la pr\u00e9vention, le diagnostic, et le traitement de<br \/>la tuberculose, notamment chez les personnes vivant avec le VIH. Nous d\u00e9veloppons des<br \/>strat\u00e9gies pour am\u00e9liorer la d\u00e9tection pr\u00e9coce de la tuberculose et augmenter l&rsquo;efficacit\u00e9 des<br \/>traitements disponibles.<\/p>                    <\/div>\n\t\t        \n                    <div id=\"maladies-infectueuses-emergentes-tab\" class=\"clearfix eael-tab-content-item inactive\" data-title-link=\"maladies-infectueuses-emergentes-tab\">\n\t\t\t\t        <p>Nous surveillons et \u00e9tudions les maladies infectieuses \u00e9mergentes, en mettant l&rsquo;accent sur les<br \/>virus zoonotiques et les nouvelles souches pathog\u00e8nes.<\/p>                    <\/div>\n\t\t                    <\/div>\n        <\/div>\n\t\t\t\t<\/div>\n\t\t\t\t<\/div>\n\t\t\t\t<\/div>\n\t\t\t\t\t<\/div>\n\t\t\t\t<\/div>\n\t\t<div class=\"elementor-element elementor-element-14613af1 e-flex e-con-boxed e-con e-parent\" data-id=\"14613af1\" data-element_type=\"container\">\n\t\t\t\t\t<div class=\"e-con-inner\">\n\t\t<div class=\"elementor-element elementor-element-2f13ebe8 e-con-full e-flex e-con e-child\" data-id=\"2f13ebe8\" data-element_type=\"container\">\n\t\t\t\t<\/div>\n\t\t<div class=\"elementor-element elementor-element-1aa5d3e4 e-con-full e-flex e-con e-child\" data-id=\"1aa5d3e4\" data-element_type=\"container\">\n\t\t\t\t<\/div>\n\t\t<div class=\"elementor-element elementor-element-7c8e88d7 e-con-full e-flex e-con e-child\" data-id=\"7c8e88d7\" data-element_type=\"container\">\n\t\t\t\t<div class=\"elementor-element elementor-element-1318b830 elementor-icon-list--layout-inline elementor-align-right elementor-mobile-align-center elementor-widget-mobile__width-initial elementor-list-item-link-full_width elementor-widget elementor-widget-icon-list\" data-id=\"1318b830\" data-element_type=\"widget\" data-widget_type=\"icon-list.default\">\n\t\t\t\t<div class=\"elementor-widget-container\">\n\t\t\t\t\t\t\t<ul class=\"elementor-icon-list-items elementor-inline-items\">\n\t\t\t\t\t\t\t<li class=\"elementor-icon-list-item elementor-inline-item\">\n\t\t\t\t\t\t\t\t\t\t\t<a href=\"\/en\/projets-en-cours\/\">\n\n\t\t\t\t\t\t\t\t\t\t\t\t<span class=\"elementor-icon-list-icon\">\n\t\t\t\t\t\t\t<i aria-hidden=\"true\" class=\"icon icon-right-arrow2\"><\/i>\t\t\t\t\t\t<\/span>\n\t\t\t\t\t\t\t\t\t\t<span class=\"elementor-icon-list-text\">Projets en cours<\/span>\n\t\t\t\t\t\t\t\t\t\t\t<\/a>\n\t\t\t\t\t\t\t\t\t<\/li>\n\t\t\t\t\t\t<\/ul>\n\t\t\t\t\t\t<\/div>\n\t\t\t\t<\/div>\n\t\t\t\t<\/div>\n\t\t\t\t\t<\/div>\n\t\t\t\t<\/div>\n\t\t\t\t<\/div>","protected":false},"excerpt":{"rendered":"<p>Recherche Menu Domaine de recherche Projets en cours Appels \u00e0 projets Le SITE ANRS-MIE Cameroun est un centre de recherche sp\u00e9cialis\u00e9 dans l&rsquo;\u00e9tude des maladies infectieuses. Nos prmcipaux axes de [&hellip;]<\/p>\n","protected":false},"author":1,"featured_media":0,"parent":1098,"menu_order":0,"comment_status":"closed","ping_status":"closed","template":"standard.php","meta":{"_monsterinsights_skip_tracking":false,"_monsterinsights_sitenote_active":false,"_monsterinsights_sitenote_note":"","_monsterinsights_sitenote_category":0,"site-sidebar-layout":"no-sidebar","site-content-layout":"","ast-site-content-layout":"full-width-container","site-content-style":"default","site-sidebar-style":"default","ast-global-header-display":"","ast-banner-title-visibility":"","ast-main-header-display":"","ast-hfb-above-header-display":"","ast-hfb-below-header-display":"","ast-hfb-mobile-header-display":"","site-post-title":"disabled","ast-breadcrumbs-content":"","ast-featured-img":"disabled","footer-sml-layout":"","theme-transparent-header-meta":"","adv-header-id-meta":"","stick-header-meta":"","header-above-stick-meta":"","header-main-stick-meta":"","header-below-stick-meta":"","astra-migrate-meta-layouts":"default","ast-page-background-enabled":"default","ast-page-background-meta":{"desktop":{"background-color":"var(--ast-global-color-4)","background-image":"","background-repeat":"repeat","background-position":"center center","background-size":"auto","background-attachment":"scroll","background-type":"","background-media":"","overlay-type":"","overlay-color":"","overlay-gradient":""},"tablet":{"background-color":"","background-image":"","background-repeat":"repeat","background-position":"center center","background-size":"auto","background-attachment":"scroll","background-type":"","background-media":"","overlay-type":"","overlay-color":"","overlay-gradient":""},"mobile":{"background-color":"","background-image":"","background-repeat":"repeat","background-position":"center center","background-size":"auto","background-attachment":"scroll","background-type":"","background-media":"","overlay-type":"","overlay-color":"","overlay-gradient":""}},"ast-content-background-meta":{"desktop":{"background-color":"var(--ast-global-color-5)","background-image":"","background-repeat":"repeat","background-position":"center center","background-size":"auto","background-attachment":"scroll","background-type":"","background-media":"","overlay-type":"","overlay-color":"","overlay-gradient":""},"tablet":{"background-color":"var(--ast-global-color-5)","background-image":"","background-repeat":"repeat","background-position":"center center","background-size":"auto","background-attachment":"scroll","background-type":"","background-media":"","overlay-type":"","overlay-color":"","overlay-gradient":""},"mobile":{"background-color":"var(--ast-global-color-5)","background-image":"","background-repeat":"repeat","background-position":"center center","background-size":"auto","background-attachment":"scroll","background-type":"","background-media":"","overlay-type":"","overlay-color":"","overlay-gradient":""}},"footnotes":""},"class_list":["post-1103","page","type-page","status-publish","hentry"],"_links":{"self":[{"href":"https:\/\/siteanrs-miecameroun.org\/en\/wp-json\/wp\/v2\/pages\/1103","targetHints":{"allow":["GET"]}}],"collection":[{"href":"https:\/\/siteanrs-miecameroun.org\/en\/wp-json\/wp\/v2\/pages"}],"about":[{"href":"https:\/\/siteanrs-miecameroun.org\/en\/wp-json\/wp\/v2\/types\/page"}],"author":[{"embeddable":true,"href":"https:\/\/siteanrs-miecameroun.org\/en\/wp-json\/wp\/v2\/users\/1"}],"replies":[{"embeddable":true,"href":"https:\/\/siteanrs-miecameroun.org\/en\/wp-json\/wp\/v2\/comments?post=1103"}],"version-history":[{"count":20,"href":"https:\/\/siteanrs-miecameroun.org\/en\/wp-json\/wp\/v2\/pages\/1103\/revisions"}],"predecessor-version":[{"id":2371,"href":"https:\/\/siteanrs-miecameroun.org\/en\/wp-json\/wp\/v2\/pages\/1103\/revisions\/2371"}],"up":[{"embeddable":true,"href":"https:\/\/siteanrs-miecameroun.org\/en\/wp-json\/wp\/v2\/pages\/1098"}],"wp:attachment":[{"href":"https:\/\/siteanrs-miecameroun.org\/en\/wp-json\/wp\/v2\/media?parent=1103"}],"curies":[{"name":"wp","href":"https:\/\/api.w.org\/{rel}","templated":true}]}}