{"id":1075,"date":"2024-04-12T14:48:00","date_gmt":"2024-04-12T13:48:00","guid":{"rendered":"https:\/\/siteanrs-miecameroun.org\/?page_id=1075"},"modified":"2024-07-19T18:24:06","modified_gmt":"2024-07-19T17:24:06","slug":"organigramme-anrs-mie","status":"publish","type":"page","link":"https:\/\/siteanrs-miecameroun.org\/en\/connaitre-le-site-cameroun\/organigramme-anrs-mie\/","title":{"rendered":"Organisation"},"content":{"rendered":"<div data-elementor-type=\"wp-page\" data-elementor-id=\"1075\" class=\"elementor elementor-1075\" data-elementor-post-type=\"page\">\n\t\t\t\t<div class=\"elementor-element elementor-element-722d35d0 e-flex e-con-boxed e-con e-parent\" data-id=\"722d35d0\" data-element_type=\"container\">\n\t\t\t\t\t<div class=\"e-con-inner\">\n\t\t<div class=\"elementor-element elementor-element-5d6145df e-con-full elementor-hidden-mobile e-flex e-con e-child\" data-id=\"5d6145df\" data-element_type=\"container\">\n\t\t\t\t<div class=\"elementor-element elementor-element-6b7687ed elementor-widget elementor-widget-heading\" data-id=\"6b7687ed\" data-element_type=\"widget\" data-widget_type=\"heading.default\">\n\t\t\t\t<div class=\"elementor-widget-container\">\n\t\t\t\t\t<h2 class=\"elementor-heading-title elementor-size-default\">Conna\u00eetre le Site Cameroun<\/h2>\t\t\t\t<\/div>\n\t\t\t\t<\/div>\n\t\t\t\t<\/div>\n\t\t<div class=\"elementor-element elementor-element-2d84657b e-con-full e-flex e-con e-child\" data-id=\"2d84657b\" data-element_type=\"container\">\n\t\t\t\t<div class=\"elementor-element elementor-element-12bf87f elementor-widget elementor-widget-html\" data-id=\"12bf87f\" data-element_type=\"widget\" data-widget_type=\"html.default\">\n\t\t\t\t<div class=\"elementor-widget-container\">\n\t\t\t\t\t<div class=\"anrsMieOrganigramme\">\r\n        <h2 class=\"anrsMieOrganigramme__title\">Organigramme Site Partenaire ANRS-MIE Cameroun<\/h2>\r\n        <div class=\"anrsMieOrganigramme__container\">\r\n            <div class=\"anrsMieOrganigramme__level\">\r\n                <div class=\"anrsMieOrganigramme__box anrsMieOrganigramme__box--main\">Coordonnateur Nord<\/div>\r\n                <div class=\"anrsMieOrganigramme__box anrsMieOrganigramme__box--main\">Coordonnateur Sud<\/div>\r\n            <\/div>\r\n            <div class=\"anrsMieOrganigramme__line anrsMieOrganigramme__line--vertical\" style=\"top: 60px; height: 40px;\"><\/div>\r\n            <div class=\"anrsMieOrganigramme__level\">\r\n                <div class=\"anrsMieOrganigramme__box\">Conseill\u00e8re scientifique<\/div>\r\n                <div class=\"anrsMieOrganigramme__box\">Coordonnateur Honoraire<\/div>\r\n            <\/div>\r\n            <div class=\"anrsMieOrganigramme__line anrsMieOrganigramme__line--vertical\" style=\"top: 140px; height: 40px;\"><\/div>\r\n            <div class=\"anrsMieOrganigramme__level\">\r\n                <div class=\"anrsMieOrganigramme__box anrsMieOrganigramme__box--eti\">ETI<\/div>\r\n            <\/div>\r\n            <div class=\"anrsMieOrganigramme__line anrsMieOrganigramme__line--vertical\" style=\"top: 220px; height: 40px;\"><\/div>\r\n            <div class=\"anrsMieOrganigramme__line anrsMieOrganigramme__line--horizontal\" style=\"top: 260px; width: 80%; left: 10%;\"><\/div>\r\n            <div class=\"anrsMieOrganigramme__subLevel\">\r\n                <div class=\"anrsMieOrganigramme__pole\">\r\n                    <div class=\"anrsMieOrganigramme__poleTitle\">P\u00f4le Comptabilit\u00e9<\/div>\r\n                    <div class=\"anrsMieOrganigramme__poleItem\">Comptable<\/div>\r\n                <\/div>\r\n                <div class=\"anrsMieOrganigramme__pole\">\r\n                    <div class=\"anrsMieOrganigramme__poleTitle\">P\u00f4le Administratif logistique<\/div>\r\n                    <div class=\"anrsMieOrganigramme__poleItem\">Secr\u00e9taire administrative<\/div>\r\n                    <div class=\"anrsMieOrganigramme__poleItem\">Chauffeurs<\/div>\r\n                    <div class=\"anrsMieOrganigramme__poleItem\">Agents de surface<\/div>\r\n                    <div class=\"anrsMieOrganigramme__poleItem\">R\u00e9ceptionniste<\/div>\r\n                <\/div>\r\n                <div class=\"anrsMieOrganigramme__pole\">\r\n                    <div class=\"anrsMieOrganigramme__poleTitle\">P\u00f4le Informatique<\/div>\r\n                    <div class=\"anrsMieOrganigramme__poleItem\">Informaticien<\/div>\r\n                    <div class=\"anrsMieOrganigramme__poleItem\">Data manager<\/div>\r\n                <\/div>\r\n                <div class=\"anrsMieOrganigramme__pole\">\r\n                    <div class=\"anrsMieOrganigramme__poleTitle\">P\u00f4le Qualit\u00e9 et monitoring<\/div>\r\n                    <div class=\"anrsMieOrganigramme__poleItem\">Monitrice d'\u00e9tude clinique<\/div>\r\n                    <div class=\"anrsMieOrganigramme__poleItem\">Assistante monitrice d'\u00e9tude clinique<\/div>\r\n                <\/div>\r\n                <div class=\"anrsMieOrganigramme__pole\">\r\n                    <div class=\"anrsMieOrganigramme__poleTitle\">P\u00f4le Communication<\/div>\r\n                    <div class=\"anrsMieOrganigramme__poleItem\">Charg\u00e9 de la communication<\/div>\r\n                <\/div>\r\n            <\/div>\r\n        <\/div>\r\n    <\/div>\t\t\t\t<\/div>\n\t\t\t\t<\/div>\n\t\t\t\t<\/div>\n\t\t\t\t\t<\/div>\n\t\t\t\t<\/div>\n\t\t<div class=\"elementor-element elementor-element-52caa178 e-flex e-con-boxed e-con e-parent\" data-id=\"52caa178\" data-element_type=\"container\">\n\t\t\t\t\t<div class=\"e-con-inner\">\n\t\t<div class=\"elementor-element elementor-element-5fb77dd3 e-con-full e-flex e-con e-child\" data-id=\"5fb77dd3\" data-element_type=\"container\">\n\t\t\t\t<\/div>\n\t\t<div class=\"elementor-element elementor-element-5cd32372 e-con-full e-flex e-con e-child\" data-id=\"5cd32372\" data-element_type=\"container\">\n\t\t\t\t<div class=\"elementor-element elementor-element-25892266 elementor-icon-list--layout-inline elementor-align-left elementor-mobile-align-center elementor-widget-mobile__width-initial elementor-list-item-link-full_width elementor-widget elementor-widget-icon-list\" data-id=\"25892266\" data-element_type=\"widget\" data-widget_type=\"icon-list.default\">\n\t\t\t\t<div class=\"elementor-widget-container\">\n\t\t\t\t\t\t\t<ul class=\"elementor-icon-list-items elementor-inline-items\">\n\t\t\t\t\t\t\t<li class=\"elementor-icon-list-item elementor-inline-item\">\n\t\t\t\t\t\t\t\t\t\t\t<a href=\"\/en\/organisation\/\">\n\n\t\t\t\t\t\t\t\t\t\t\t\t<span class=\"elementor-icon-list-icon\">\n\t\t\t\t\t\t\t<i aria-hidden=\"true\" class=\"icon icon-left-arrow2\"><\/i>\t\t\t\t\t\t<\/span>\n\t\t\t\t\t\t\t\t\t\t<span class=\"elementor-icon-list-text\">Le site en Bref<\/span>\n\t\t\t\t\t\t\t\t\t\t\t<\/a>\n\t\t\t\t\t\t\t\t\t<\/li>\n\t\t\t\t\t\t<\/ul>\n\t\t\t\t\t\t<\/div>\n\t\t\t\t<\/div>\n\t\t\t\t<\/div>\n\t\t<div class=\"elementor-element elementor-element-3900d8a e-con-full e-flex e-con e-child\" data-id=\"3900d8a\" data-element_type=\"container\">\n\t\t\t\t<div class=\"elementor-element elementor-element-559775fa elementor-icon-list--layout-inline elementor-align-right elementor-mobile-align-center elementor-widget-mobile__width-initial elementor-list-item-link-full_width elementor-widget elementor-widget-icon-list\" data-id=\"559775fa\" data-element_type=\"widget\" data-widget_type=\"icon-list.default\">\n\t\t\t\t<div class=\"elementor-widget-container\">\n\t\t\t\t\t\t\t<ul class=\"elementor-icon-list-items elementor-inline-items\">\n\t\t\t\t\t\t\t<li class=\"elementor-icon-list-item elementor-inline-item\">\n\t\t\t\t\t\t\t\t\t\t\t<a href=\"\/en\/interventions\/\">\n\n\t\t\t\t\t\t\t\t\t\t\t\t<span class=\"elementor-icon-list-icon\">\n\t\t\t\t\t\t\t<i aria-hidden=\"true\" class=\"icon icon-right-arrow2\"><\/i>\t\t\t\t\t\t<\/span>\n\t\t\t\t\t\t\t\t\t\t<span class=\"elementor-icon-list-text\">Interventions<\/span>\n\t\t\t\t\t\t\t\t\t\t\t<\/a>\n\t\t\t\t\t\t\t\t\t<\/li>\n\t\t\t\t\t\t<\/ul>\n\t\t\t\t\t\t<\/div>\n\t\t\t\t<\/div>\n\t\t\t\t<\/div>\n\t\t\t\t\t<\/div>\n\t\t\t\t<\/div>\n\t\t\t\t<\/div>","protected":false},"excerpt":{"rendered":"<p>Conna\u00eetre le Site Cameroun Menu Le Site en bref Organisation Interventions Infrastructures Partenaires Organigramme Site Partenaire ANRS-MIE Cameroun Coordonnateur Nord Coordonnateur Sud Conseill\u00e8re scientifique Coordonnateur Honoraire ETI P\u00f4le Comptabilit\u00e9 Comptable [&hellip;]<\/p>\n","protected":false},"author":1,"featured_media":38,"parent":848,"menu_order":0,"comment_status":"closed","ping_status":"closed","template":"standard.php","meta":{"_monsterinsights_skip_tracking":false,"_monsterinsights_sitenote_active":false,"_monsterinsights_sitenote_note":"","_monsterinsights_sitenote_category":0,"site-sidebar-layout":"no-sidebar","site-content-layout":"","ast-site-content-layout":"full-width-container","site-content-style":"default","site-sidebar-style":"default","ast-global-header-display":"","ast-banner-title-visibility":"","ast-main-header-display":"","ast-hfb-above-header-display":"","ast-hfb-below-header-display":"","ast-hfb-mobile-header-display":"","site-post-title":"disabled","ast-breadcrumbs-content":"","ast-featured-img":"disabled","footer-sml-layout":"","theme-transparent-header-meta":"","adv-header-id-meta":"","stick-header-meta":"","header-above-stick-meta":"","header-main-stick-meta":"","header-below-stick-meta":"","astra-migrate-meta-layouts":"default","ast-page-background-enabled":"default","ast-page-background-meta":{"desktop":{"background-color":"var(--ast-global-color-4)","background-image":"","background-repeat":"repeat","background-position":"center center","background-size":"auto","background-attachment":"scroll","background-type":"","background-media":"","overlay-type":"","overlay-color":"","overlay-gradient":""},"tablet":{"background-color":"","background-image":"","background-repeat":"repeat","background-position":"center center","background-size":"auto","background-attachment":"scroll","background-type":"","background-media":"","overlay-type":"","overlay-color":"","overlay-gradient":""},"mobile":{"background-color":"","background-image":"","background-repeat":"repeat","background-position":"center center","background-size":"auto","background-attachment":"scroll","background-type":"","background-media":"","overlay-type":"","overlay-color":"","overlay-gradient":""}},"ast-content-background-meta":{"desktop":{"background-color":"var(--ast-global-color-5)","background-image":"","background-repeat":"repeat","background-position":"center center","background-size":"auto","background-attachment":"scroll","background-type":"","background-media":"","overlay-type":"","overlay-color":"","overlay-gradient":""},"tablet":{"background-color":"var(--ast-global-color-5)","background-image":"","background-repeat":"repeat","background-position":"center center","background-size":"auto","background-attachment":"scroll","background-type":"","background-media":"","overlay-type":"","overlay-color":"","overlay-gradient":""},"mobile":{"background-color":"var(--ast-global-color-5)","background-image":"","background-repeat":"repeat","background-position":"center center","background-size":"auto","background-attachment":"scroll","background-type":"","background-media":"","overlay-type":"","overlay-color":"","overlay-gradient":""}},"footnotes":""},"class_list":["post-1075","page","type-page","status-publish","has-post-thumbnail","hentry"],"_links":{"self":[{"href":"https:\/\/siteanrs-miecameroun.org\/en\/wp-json\/wp\/v2\/pages\/1075","targetHints":{"allow":["GET"]}}],"collection":[{"href":"https:\/\/siteanrs-miecameroun.org\/en\/wp-json\/wp\/v2\/pages"}],"about":[{"href":"https:\/\/siteanrs-miecameroun.org\/en\/wp-json\/wp\/v2\/types\/page"}],"author":[{"embeddable":true,"href":"https:\/\/siteanrs-miecameroun.org\/en\/wp-json\/wp\/v2\/users\/1"}],"replies":[{"embeddable":true,"href":"https:\/\/siteanrs-miecameroun.org\/en\/wp-json\/wp\/v2\/comments?post=1075"}],"version-history":[{"count":19,"href":"https:\/\/siteanrs-miecameroun.org\/en\/wp-json\/wp\/v2\/pages\/1075\/revisions"}],"predecessor-version":[{"id":2391,"href":"https:\/\/siteanrs-miecameroun.org\/en\/wp-json\/wp\/v2\/pages\/1075\/revisions\/2391"}],"up":[{"embeddable":true,"href":"https:\/\/siteanrs-miecameroun.org\/en\/wp-json\/wp\/v2\/pages\/848"}],"wp:featuredmedia":[{"embeddable":true,"href":"https:\/\/siteanrs-miecameroun.org\/en\/wp-json\/wp\/v2\/media\/38"}],"wp:attachment":[{"href":"https:\/\/siteanrs-miecameroun.org\/en\/wp-json\/wp\/v2\/media?parent=1075"}],"curies":[{"name":"wp","href":"https:\/\/api.w.org\/{rel}","templated":true}]}}