{"id":1073,"date":"2024-04-12T15:45:00","date_gmt":"2024-04-12T14:45:00","guid":{"rendered":"https:\/\/siteanrs-miecameroun.org\/?page_id=1073"},"modified":"2024-07-03T10:43:51","modified_gmt":"2024-07-03T09:43:51","slug":"le-site-en-bref","status":"publish","type":"page","link":"https:\/\/siteanrs-miecameroun.org\/en\/connaitre-le-site-cameroun\/le-site-en-bref\/","title":{"rendered":"Le Site en bref"},"content":{"rendered":"<div data-elementor-type=\"wp-page\" data-elementor-id=\"1073\" class=\"elementor elementor-1073\" data-elementor-post-type=\"page\">\n\t\t\t\t<div class=\"elementor-element elementor-element-a85d0b9 e-flex e-con-boxed e-con e-parent\" data-id=\"a85d0b9\" data-element_type=\"container\">\n\t\t\t\t\t<div class=\"e-con-inner\">\n\t\t<div class=\"elementor-element elementor-element-3340105 e-con-full elementor-hidden-mobile e-flex e-con e-child\" data-id=\"3340105\" data-element_type=\"container\">\n\t\t\t\t<div class=\"elementor-element elementor-element-0600606 elementor-widget elementor-widget-heading\" data-id=\"0600606\" data-element_type=\"widget\" data-widget_type=\"heading.default\">\n\t\t\t\t<div class=\"elementor-widget-container\">\n\t\t\t\t\t<h2 class=\"elementor-heading-title elementor-size-default\">Conna\u00eetre le Site Cameroun<\/h2>\t\t\t\t<\/div>\n\t\t\t\t<\/div>\n\t\t\t\t<\/div>\n\t\t<div class=\"elementor-element elementor-element-3c95ff4 e-con-full e-flex e-con e-child\" data-id=\"3c95ff4\" data-element_type=\"container\">\n\t\t\t\t<div class=\"elementor-element elementor-element-827c445 elementor-widget elementor-widget-text-editor\" data-id=\"827c445\" data-element_type=\"widget\" data-widget_type=\"text-editor.default\">\n\t\t\t\t<div class=\"elementor-widget-container\">\n\t\t\t\t\t\t\t\t\t<p>Le Site ANRS-MIE Cameroun est un centre de m\u00e9thodologie et de gestion de la recherche camerounais. Il est le fruit d\u2019une collaboration entre feu Colonel Eitel Mpoudi Ngol\u00e9 et de Pr Eric Delaporte qui d\u00e9buta dans les ann\u00e9es 90\u2019. Il a \u00e9t\u00e9 officiellement cr\u00e9\u00e9 en 2005, par un accord tripartite, renouvel\u00e9 en 2021 entre le Minist\u00e8re de la Recherche Scientifique et de l&rsquo;Innovation (MINRESI), le Minist\u00e8re de la Sant\u00e9 Publique (MINSANTE), l\u2019ANRS-MIE et l\u2019Ambassade de France. Il a pour vocation de r\u00e9pondre aux enjeux de sant\u00e9 publique. Ses domaines de comp\u00e9tences se sont \u00e9largis suite aux crises sanitaires allant de l\u2019infection \u00e0 VIH\/Sida, les H\u00e9patites, la Tuberculoses, les IST et depuis la pand\u00e9mie du SRAS-Cov 2 aux maladies infectieuses \u00e9mergentes, et le One Health. Le site ANRS-MIE Cameroun est log\u00e9 dans l\u2019enceinte de l\u2019h\u00f4pital Central \u00e0 Yaound\u00e9.<\/p><p><strong>Ses missions\u00a0:<\/strong><\/p><ul><li>Former les \u00e9tudiants et jeunes chercheurs en Sant\u00e9 Mondiale, \u00e9thique de la recherche et Bonnes pratiques Cliniques ;<\/li><li>Mettre en \u0153uvre les projets de recherche financ\u00e9 ou non par l\u2019ANRS-MIE<\/li><\/ul><p><strong>Organisation<\/strong><\/p><p>Le site Partenaire ANRS-MIE Cameroun est r\u00e9gi par un Protocole d\u2019Accord. Il est coordonn\u00e9 par le Pr Anne-C\u00e9cile Zoung Kanyi-Bissek, qui est la Coordonnatrice Sud et Pr Eric Delaporte qui est le Coordonnateur Nord.<\/p>\t\t\t\t\t\t\t\t<\/div>\n\t\t\t\t<\/div>\n\t\t\t\t<\/div>\n\t\t\t\t\t<\/div>\n\t\t\t\t<\/div>\n\t\t<div class=\"elementor-element elementor-element-10e95149 e-flex e-con-boxed e-con e-parent\" data-id=\"10e95149\" data-element_type=\"container\">\n\t\t\t\t\t<div class=\"e-con-inner\">\n\t\t<div class=\"elementor-element elementor-element-e934e05 e-con-full e-flex e-con e-child\" data-id=\"e934e05\" data-element_type=\"container\">\n\t\t\t\t<\/div>\n\t\t<div class=\"elementor-element elementor-element-7949abee e-con-full e-flex e-con e-child\" data-id=\"7949abee\" data-element_type=\"container\">\n\t\t\t\t<\/div>\n\t\t<div class=\"elementor-element elementor-element-14d2fd12 e-con-full e-flex e-con e-child\" data-id=\"14d2fd12\" data-element_type=\"container\">\n\t\t\t\t<div class=\"elementor-element elementor-element-23ee0ef elementor-icon-list--layout-inline elementor-align-right elementor-mobile-align-center elementor-widget-mobile__width-initial elementor-list-item-link-full_width elementor-widget elementor-widget-icon-list\" data-id=\"23ee0ef\" data-element_type=\"widget\" data-widget_type=\"icon-list.default\">\n\t\t\t\t<div class=\"elementor-widget-container\">\n\t\t\t\t\t\t\t<ul class=\"elementor-icon-list-items elementor-inline-items\">\n\t\t\t\t\t\t\t<li class=\"elementor-icon-list-item elementor-inline-item\">\n\t\t\t\t\t\t\t\t\t\t\t<a href=\"\/en\/organisation\/\">\n\n\t\t\t\t\t\t\t\t\t\t\t\t<span class=\"elementor-icon-list-icon\">\n\t\t\t\t\t\t\t<i aria-hidden=\"true\" class=\"icon icon-right-arrow2\"><\/i>\t\t\t\t\t\t<\/span>\n\t\t\t\t\t\t\t\t\t\t<span class=\"elementor-icon-list-text\">Organisation<\/span>\n\t\t\t\t\t\t\t\t\t\t\t<\/a>\n\t\t\t\t\t\t\t\t\t<\/li>\n\t\t\t\t\t\t<\/ul>\n\t\t\t\t\t\t<\/div>\n\t\t\t\t<\/div>\n\t\t\t\t<\/div>\n\t\t\t\t\t<\/div>\n\t\t\t\t<\/div>\n\t\t\t\t<\/div>","protected":false},"excerpt":{"rendered":"<p>Conna\u00eetre le Site Cameroun Menu Le Site en bref Organisation Interventions Infrastructures Partenaires Le Site ANRS-MIE Cameroun est un centre de m\u00e9thodologie et de gestion de la recherche camerounais. Il [&hellip;]<\/p>\n","protected":false},"author":1,"featured_media":0,"parent":848,"menu_order":0,"comment_status":"closed","ping_status":"closed","template":"standard.php","meta":{"_monsterinsights_skip_tracking":false,"_monsterinsights_sitenote_active":false,"_monsterinsights_sitenote_note":"","_monsterinsights_sitenote_category":0,"site-sidebar-layout":"no-sidebar","site-content-layout":"","ast-site-content-layout":"full-width-container","site-content-style":"default","site-sidebar-style":"default","ast-global-header-display":"","ast-banner-title-visibility":"","ast-main-header-display":"","ast-hfb-above-header-display":"","ast-hfb-below-header-display":"","ast-hfb-mobile-header-display":"","site-post-title":"disabled","ast-breadcrumbs-content":"","ast-featured-img":"disabled","footer-sml-layout":"","theme-transparent-header-meta":"","adv-header-id-meta":"","stick-header-meta":"","header-above-stick-meta":"","header-main-stick-meta":"","header-below-stick-meta":"","astra-migrate-meta-layouts":"default","ast-page-background-enabled":"default","ast-page-background-meta":{"desktop":{"background-color":"var(--ast-global-color-4)","background-image":"","background-repeat":"repeat","background-position":"center center","background-size":"auto","background-attachment":"scroll","background-type":"","background-media":"","overlay-type":"","overlay-color":"","overlay-gradient":""},"tablet":{"background-color":"","background-image":"","background-repeat":"repeat","background-position":"center center","background-size":"auto","background-attachment":"scroll","background-type":"","background-media":"","overlay-type":"","overlay-color":"","overlay-gradient":""},"mobile":{"background-color":"","background-image":"","background-repeat":"repeat","background-position":"center center","background-size":"auto","background-attachment":"scroll","background-type":"","background-media":"","overlay-type":"","overlay-color":"","overlay-gradient":""}},"ast-content-background-meta":{"desktop":{"background-color":"var(--ast-global-color-5)","background-image":"","background-repeat":"repeat","background-position":"center center","background-size":"auto","background-attachment":"scroll","background-type":"","background-media":"","overlay-type":"","overlay-color":"","overlay-gradient":""},"tablet":{"background-color":"var(--ast-global-color-5)","background-image":"","background-repeat":"repeat","background-position":"center center","background-size":"auto","background-attachment":"scroll","background-type":"","background-media":"","overlay-type":"","overlay-color":"","overlay-gradient":""},"mobile":{"background-color":"var(--ast-global-color-5)","background-image":"","background-repeat":"repeat","background-position":"center center","background-size":"auto","background-attachment":"scroll","background-type":"","background-media":"","overlay-type":"","overlay-color":"","overlay-gradient":""}},"footnotes":""},"class_list":["post-1073","page","type-page","status-publish","hentry"],"_links":{"self":[{"href":"https:\/\/siteanrs-miecameroun.org\/en\/wp-json\/wp\/v2\/pages\/1073","targetHints":{"allow":["GET"]}}],"collection":[{"href":"https:\/\/siteanrs-miecameroun.org\/en\/wp-json\/wp\/v2\/pages"}],"about":[{"href":"https:\/\/siteanrs-miecameroun.org\/en\/wp-json\/wp\/v2\/types\/page"}],"author":[{"embeddable":true,"href":"https:\/\/siteanrs-miecameroun.org\/en\/wp-json\/wp\/v2\/users\/1"}],"replies":[{"embeddable":true,"href":"https:\/\/siteanrs-miecameroun.org\/en\/wp-json\/wp\/v2\/comments?post=1073"}],"version-history":[{"count":20,"href":"https:\/\/siteanrs-miecameroun.org\/en\/wp-json\/wp\/v2\/pages\/1073\/revisions"}],"predecessor-version":[{"id":2100,"href":"https:\/\/siteanrs-miecameroun.org\/en\/wp-json\/wp\/v2\/pages\/1073\/revisions\/2100"}],"up":[{"embeddable":true,"href":"https:\/\/siteanrs-miecameroun.org\/en\/wp-json\/wp\/v2\/pages\/848"}],"wp:attachment":[{"href":"https:\/\/siteanrs-miecameroun.org\/en\/wp-json\/wp\/v2\/media?parent=1073"}],"curies":[{"name":"wp","href":"https:\/\/api.w.org\/{rel}","templated":true}]}}